{"id":192,"date":"2019-07-07T10:46:59","date_gmt":"2019-07-07T10:46:59","guid":{"rendered":"https:\/\/ozaf.it\/?page_id=192"},"modified":"2020-04-29T23:54:10","modified_gmt":"2020-04-29T22:54:10","slug":"progettazione","status":"publish","type":"page","link":"https:\/\/ozaf.it\/fra\/progettazione\/","title":{"rendered":"Design personalis\u00e9"},"content":{"rendered":"<h1>Concevons syst\u00e8mes personnalis\u00e9s<\/h1>\n<p>Nos services de conseil technique et commercial, op\u00e9rant en Italie et \u00e0 l'\u00e9tranger, est d\u00e9di\u00e9 \u00e0 l'accompagnement du client dans la cr\u00e9ation d'un produit con\u00e7u pour ses besoins dans toutes ses composantes.<\/p>\n<h2 style=\"text-align: center;\">&nbsp;<\/h2>\n<div class=\"epyt-video-wrapper\"><iframe loading=\"lazy\"  id=\"_ytid_39954\"  width=\"480\" height=\"270\"  data-origwidth=\"480\" data-origheight=\"270\"  data-relstop=\"1\" src=\"https:\/\/www.youtube.com\/embed\/0lhLBI3YDO0?enablejsapi=1&autoplay=0&cc_load_policy=1&cc_lang_pref=&iv_load_policy=1&loop=0&rel=0&fs=1&playsinline=0&autohide=2&theme=dark&color=red&controls=1&disablekb=0&\" class=\"__youtube_prefs__  no-lazyload\" title=\"YouTube player\"  allow=\"fullscreen; accelerometer; autoplay; clipboard-write; encrypted-media; gyroscope; picture-in-picture; web-share\" referrerpolicy=\"strict-origin-when-cross-origin\" allowfullscreen data-no-lazy=\"1\" data-skipgform_ajax_framebjll=\"\"><\/iframe><\/div>\n<hr>\n<p><div class=\"one_third\"><div class=\"iconbox\"><div class=\"iconbox-icon\"><i class=\"fal fa-search\"><\/i><\/div><h4>CONSEIL<\/h4><p> Nous fournissons des conseils pour comprendre les besoins sp\u00e9cifiques. <\/p><\/div><\/div><div class=\"one_third\"><div class=\"iconbox\"><div class=\"iconbox-icon\"><i class=\"fal fa-pencil\"><\/i><\/div><h4>CONCEPTION<\/h4><p> Nous identifions la solution aux d\u00e9partements m\u00e9canique et \u00e9lectrique. <\/p><\/div><\/div><div class=\"one_fourth\"><div class=\"iconbox\"><div class=\"iconbox-icon\"><i class=\"fal fa-comment-dollar\"><\/i><\/div><h4>ESTIMATION<\/h4><p> Nous envoyons le devis pour une \u00e9valuation compl\u00e8te. <\/p><\/div><\/div> <div class=\"clear\"><\/div><\/p>","protected":false},"excerpt":{"rendered":"<p>Progettiamo sistemi customizzati Il nostro servizio di consulenza tecnica commerciale, operativo sul territorio italiano ed estero \u00e8 dedicato ad accompagnare il cliente nella creazione di un prodotto progettato sulle sue esigenze in ogni sua componente. &nbsp;<\/p>","protected":false},"author":1,"featured_media":677,"parent":0,"menu_order":0,"comment_status":"closed","ping_status":"closed","template":"template-no-sidebar.php","meta":{"footnotes":""},"yoast_head":"<!-- This site is optimized with the Yoast SEO plugin v24.5 - https:\/\/yoast.com\/wordpress\/plugins\/seo\/ -->\n<title>Progettazione custom - O.ZA.F. srl<\/title>\n<meta name=\"robots\" content=\"index, follow, max-snippet:-1, max-image-preview:large, max-video-preview:-1\" \/>\n<link rel=\"canonical\" href=\"https:\/\/ozaf.it\/fra\/progettazione\/\" \/>\n<meta property=\"og:locale\" content=\"fr_FR\" \/>\n<meta property=\"og:type\" content=\"article\" \/>\n<meta property=\"og:title\" content=\"Progettazione custom - O.ZA.F. srl\" \/>\n<meta property=\"og:description\" content=\"Progettiamo sistemi customizzati Il nostro servizio di consulenza tecnica commerciale, operativo sul territorio italiano ed estero \u00e8 dedicato ad accompagnare il cliente nella creazione di un prodotto progettato sulle sue esigenze in ogni sua componente. &nbsp;\" \/>\n<meta property=\"og:url\" content=\"https:\/\/ozaf.it\/fra\/progettazione\/\" \/>\n<meta property=\"og:site_name\" content=\"O.ZA.F. srl\" \/>\n<meta property=\"article:modified_time\" content=\"2020-04-29T22:54:10+00:00\" \/>\n<meta property=\"og:image\" content=\"https:\/\/ozaf.it\/wp-content\/uploads\/2019\/07\/progettazione-custom-2.png\" \/>\n\t<meta property=\"og:image:width\" content=\"917\" \/>\n\t<meta property=\"og:image:height\" content=\"560\" \/>\n\t<meta property=\"og:image:type\" content=\"image\/png\" \/>\n<meta name=\"twitter:card\" content=\"summary_large_image\" \/>\n<script type=\"application\/ld+json\" class=\"yoast-schema-graph\">{\"@context\":\"https:\/\/schema.org\",\"@graph\":[{\"@type\":\"WebPage\",\"@id\":\"https:\/\/ozaf.it\/it_it\/progettazione\/\",\"url\":\"https:\/\/ozaf.it\/it_it\/progettazione\/\",\"name\":\"Progettazione custom - O.ZA.F. srl\",\"isPartOf\":{\"@id\":\"https:\/\/ozaf.it\/it_it\/#website\"},\"primaryImageOfPage\":{\"@id\":\"https:\/\/ozaf.it\/it_it\/progettazione\/#primaryimage\"},\"image\":{\"@id\":\"https:\/\/ozaf.it\/it_it\/progettazione\/#primaryimage\"},\"thumbnailUrl\":\"https:\/\/ozaf.it\/wp-content\/uploads\/2019\/07\/progettazione-custom-2.png\",\"datePublished\":\"2019-07-07T10:46:59+00:00\",\"dateModified\":\"2020-04-29T22:54:10+00:00\",\"breadcrumb\":{\"@id\":\"https:\/\/ozaf.it\/it_it\/progettazione\/#breadcrumb\"},\"inLanguage\":\"fr-FR\",\"potentialAction\":[{\"@type\":\"ReadAction\",\"target\":[\"https:\/\/ozaf.it\/it_it\/progettazione\/\"]}]},{\"@type\":\"ImageObject\",\"inLanguage\":\"fr-FR\",\"@id\":\"https:\/\/ozaf.it\/it_it\/progettazione\/#primaryimage\",\"url\":\"https:\/\/ozaf.it\/wp-content\/uploads\/2019\/07\/progettazione-custom-2.png\",\"contentUrl\":\"https:\/\/ozaf.it\/wp-content\/uploads\/2019\/07\/progettazione-custom-2.png\",\"width\":917,\"height\":560},{\"@type\":\"BreadcrumbList\",\"@id\":\"https:\/\/ozaf.it\/it_it\/progettazione\/#breadcrumb\",\"itemListElement\":[{\"@type\":\"ListItem\",\"position\":1,\"name\":\"Home\",\"item\":\"https:\/\/ozaf.it\/it_it\/\"},{\"@type\":\"ListItem\",\"position\":2,\"name\":\"Progettazione custom\"}]},{\"@type\":\"WebSite\",\"@id\":\"https:\/\/ozaf.it\/it_it\/#website\",\"url\":\"https:\/\/ozaf.it\/it_it\/\",\"name\":\"O.ZA.F. - Assembling & Orienting Solutions\",\"description\":\"Orienting and assembling solutions\",\"publisher\":{\"@id\":\"https:\/\/ozaf.it\/it_it\/#organization\"},\"potentialAction\":[{\"@type\":\"SearchAction\",\"target\":{\"@type\":\"EntryPoint\",\"urlTemplate\":\"https:\/\/ozaf.it\/it_it\/?s={search_term_string}\"},\"query-input\":{\"@type\":\"PropertyValueSpecification\",\"valueRequired\":true,\"valueName\":\"search_term_string\"}}],\"inLanguage\":\"fr-FR\"},{\"@type\":\"Organization\",\"@id\":\"https:\/\/ozaf.it\/it_it\/#organization\",\"name\":\"O.ZA.F.\",\"url\":\"https:\/\/ozaf.it\/it_it\/\",\"logo\":{\"@type\":\"ImageObject\",\"inLanguage\":\"fr-FR\",\"@id\":\"https:\/\/ozaf.it\/it_it\/#\/schema\/logo\/image\/\",\"url\":\"https:\/\/ozaf.it\/wp-content\/uploads\/2019\/06\/logo_OZAF_colori_sfondo-bianco-1.jpg\",\"contentUrl\":\"https:\/\/ozaf.it\/wp-content\/uploads\/2019\/06\/logo_OZAF_colori_sfondo-bianco-1.jpg\",\"width\":512,\"height\":512,\"caption\":\"O.ZA.F.\"},\"image\":{\"@id\":\"https:\/\/ozaf.it\/it_it\/#\/schema\/logo\/image\/\"},\"sameAs\":[\"https:\/\/www.linkedin.com\/company\/15837659\/\",\"https:\/\/www.youtube.com\/channel\/UCtNwZfVNQe-4o1N23pnxBeA\/featured?view_as=public\"]}]}<\/script>\n<!-- \/ Yoast SEO plugin. -->","yoast_head_json":{"title":"Progettazione custom - O.ZA.F. srl","robots":{"index":"index","follow":"follow","max-snippet":"max-snippet:-1","max-image-preview":"max-image-preview:large","max-video-preview":"max-video-preview:-1"},"canonical":"https:\/\/ozaf.it\/fra\/progettazione\/","og_locale":"fr_FR","og_type":"article","og_title":"Progettazione custom - O.ZA.F. srl","og_description":"Progettiamo sistemi customizzati Il nostro servizio di consulenza tecnica commerciale, operativo sul territorio italiano ed estero \u00e8 dedicato ad accompagnare il cliente nella creazione di un prodotto progettato sulle sue esigenze in ogni sua componente. &nbsp;","og_url":"https:\/\/ozaf.it\/fra\/progettazione\/","og_site_name":"O.ZA.F. srl","article_modified_time":"2020-04-29T22:54:10+00:00","og_image":[{"width":917,"height":560,"url":"https:\/\/ozaf.it\/wp-content\/uploads\/2019\/07\/progettazione-custom-2.png","type":"image\/png"}],"twitter_card":"summary_large_image","schema":{"@context":"https:\/\/schema.org","@graph":[{"@type":"WebPage","@id":"https:\/\/ozaf.it\/it_it\/progettazione\/","url":"https:\/\/ozaf.it\/it_it\/progettazione\/","name":"Progettazione custom - O.ZA.F. srl","isPartOf":{"@id":"https:\/\/ozaf.it\/it_it\/#website"},"primaryImageOfPage":{"@id":"https:\/\/ozaf.it\/it_it\/progettazione\/#primaryimage"},"image":{"@id":"https:\/\/ozaf.it\/it_it\/progettazione\/#primaryimage"},"thumbnailUrl":"https:\/\/ozaf.it\/wp-content\/uploads\/2019\/07\/progettazione-custom-2.png","datePublished":"2019-07-07T10:46:59+00:00","dateModified":"2020-04-29T22:54:10+00:00","breadcrumb":{"@id":"https:\/\/ozaf.it\/it_it\/progettazione\/#breadcrumb"},"inLanguage":"fr-FR","potentialAction":[{"@type":"ReadAction","target":["https:\/\/ozaf.it\/it_it\/progettazione\/"]}]},{"@type":"ImageObject","inLanguage":"fr-FR","@id":"https:\/\/ozaf.it\/it_it\/progettazione\/#primaryimage","url":"https:\/\/ozaf.it\/wp-content\/uploads\/2019\/07\/progettazione-custom-2.png","contentUrl":"https:\/\/ozaf.it\/wp-content\/uploads\/2019\/07\/progettazione-custom-2.png","width":917,"height":560},{"@type":"BreadcrumbList","@id":"https:\/\/ozaf.it\/it_it\/progettazione\/#breadcrumb","itemListElement":[{"@type":"ListItem","position":1,"name":"Home","item":"https:\/\/ozaf.it\/it_it\/"},{"@type":"ListItem","position":2,"name":"Progettazione custom"}]},{"@type":"WebSite","@id":"https:\/\/ozaf.it\/it_it\/#website","url":"https:\/\/ozaf.it\/it_it\/","name":"O.ZA.F. - Assembling & Orienting Solutions","description":"Orienting and assembling solutions","publisher":{"@id":"https:\/\/ozaf.it\/it_it\/#organization"},"potentialAction":[{"@type":"SearchAction","target":{"@type":"EntryPoint","urlTemplate":"https:\/\/ozaf.it\/it_it\/?s={search_term_string}"},"query-input":{"@type":"PropertyValueSpecification","valueRequired":true,"valueName":"search_term_string"}}],"inLanguage":"fr-FR"},{"@type":"Organization","@id":"https:\/\/ozaf.it\/it_it\/#organization","name":"O.ZA.F.","url":"https:\/\/ozaf.it\/it_it\/","logo":{"@type":"ImageObject","inLanguage":"fr-FR","@id":"https:\/\/ozaf.it\/it_it\/#\/schema\/logo\/image\/","url":"https:\/\/ozaf.it\/wp-content\/uploads\/2019\/06\/logo_OZAF_colori_sfondo-bianco-1.jpg","contentUrl":"https:\/\/ozaf.it\/wp-content\/uploads\/2019\/06\/logo_OZAF_colori_sfondo-bianco-1.jpg","width":512,"height":512,"caption":"O.ZA.F."},"image":{"@id":"https:\/\/ozaf.it\/it_it\/#\/schema\/logo\/image\/"},"sameAs":["https:\/\/www.linkedin.com\/company\/15837659\/","https:\/\/www.youtube.com\/channel\/UCtNwZfVNQe-4o1N23pnxBeA\/featured?view_as=public"]}]}},"jetpack_sharing_enabled":true,"_links":{"self":[{"href":"https:\/\/ozaf.it\/fra\/wp-json\/wp\/v2\/pages\/192"}],"collection":[{"href":"https:\/\/ozaf.it\/fra\/wp-json\/wp\/v2\/pages"}],"about":[{"href":"https:\/\/ozaf.it\/fra\/wp-json\/wp\/v2\/types\/page"}],"author":[{"embeddable":true,"href":"https:\/\/ozaf.it\/fra\/wp-json\/wp\/v2\/users\/1"}],"replies":[{"embeddable":true,"href":"https:\/\/ozaf.it\/fra\/wp-json\/wp\/v2\/comments?post=192"}],"version-history":[{"count":47,"href":"https:\/\/ozaf.it\/fra\/wp-json\/wp\/v2\/pages\/192\/revisions"}],"predecessor-version":[{"id":882,"href":"https:\/\/ozaf.it\/fra\/wp-json\/wp\/v2\/pages\/192\/revisions\/882"}],"wp:featuredmedia":[{"embeddable":true,"href":"https:\/\/ozaf.it\/fra\/wp-json\/wp\/v2\/media\/677"}],"wp:attachment":[{"href":"https:\/\/ozaf.it\/fra\/wp-json\/wp\/v2\/media?parent=192"}],"curies":[{"name":"wp","href":"https:\/\/api.w.org\/{rel}","templated":true}]}}