{"id":194,"date":"2019-06-03T10:47:28","date_gmt":"2019-06-03T10:47:28","guid":{"rendered":"https:\/\/ozaf.it\/?page_id=194"},"modified":"2019-08-23T15:30:33","modified_gmt":"2019-08-23T15:30:33","slug":"produzione","status":"publish","type":"page","link":"https:\/\/ozaf.it\/fra\/produzione\/","title":{"rendered":"Production"},"content":{"rendered":"<p>Nous allons r\u00e9aliser syst\u00e8me pour le r\u00e9organiser les particuliers en vrac et machines pour l\u2019assemblage des composants. Les secteurs d\u2019emploi de la soci\u00e9t\u00e9 allant dans le milieu pharmaceutique cosm\u00e9tique, food &amp; beverage, tabac, chimique et m\u00e9canique. System automatises personnalises, int\u00e9gr\u00e9es par les constructeurs et par les utilisateurs finals.<div class=\"pt-cv-wrapper\"><div class=\"pt-cv-view pt-cv-grid pt-cv-colsys\" id=\"pt-cv-view-b2bc7bbfhz\"><div data-id=\"pt-cv-page-1\" class=\"pt-cv-page\" data-cvc=\"3\"><div class=\"col-md-4 col-sm-6 col-xs-12 pt-cv-content-item pt-cv-1-col\" ><div class='pt-cv-ifield'><a href=\"https:\/\/ozaf.it\/fra\/sistemi-a-vibrazione\/\" class=\"_self pt-cv-href-thumbnail pt-cv-thumb-default\" target=\"_self\" ><img loading=\"lazy\" decoding=\"async\" width=\"300\" height=\"183\" src=\"https:\/\/ozaf.it\/wp-content\/uploads\/2019\/07\/vibrazione_def-300x183.png\" class=\"pt-cv-thumbnail\" alt=\"\" srcset=\"https:\/\/ozaf.it\/wp-content\/uploads\/2019\/07\/vibrazione_def-300x183.png 300w, https:\/\/ozaf.it\/wp-content\/uploads\/2019\/07\/vibrazione_def-768x469.png 768w, https:\/\/ozaf.it\/wp-content\/uploads\/2019\/07\/vibrazione_def.png 917w\" sizes=\"(max-width: 300px) 100vw, 300px\" \/><\/a>\n<h4 class=\"pt-cv-title\"><a href=\"https:\/\/ozaf.it\/fra\/sistemi-a-vibrazione\/\" class=\"_self\" target=\"_self\" >Systemes a vibration<\/a><\/h4><\/div><\/div>\n<div class=\"col-md-4 col-sm-6 col-xs-12 pt-cv-content-item pt-cv-1-col\" ><div class='pt-cv-ifield'><a href=\"https:\/\/ozaf.it\/fra\/alimentatori-centrifughi\/\" class=\"_self pt-cv-href-thumbnail pt-cv-thumb-default\" target=\"_self\" ><img loading=\"lazy\" decoding=\"async\" width=\"300\" height=\"183\" src=\"https:\/\/ozaf.it\/wp-content\/uploads\/2019\/07\/alimentatori_def-300x183.png\" class=\"pt-cv-thumbnail\" alt=\"\" srcset=\"https:\/\/ozaf.it\/wp-content\/uploads\/2019\/07\/alimentatori_def-300x183.png 300w, https:\/\/ozaf.it\/wp-content\/uploads\/2019\/07\/alimentatori_def-768x469.png 768w, https:\/\/ozaf.it\/wp-content\/uploads\/2019\/07\/alimentatori_def.png 917w\" sizes=\"(max-width: 300px) 100vw, 300px\" \/><\/a>\n<h4 class=\"pt-cv-title\"><a href=\"https:\/\/ozaf.it\/fra\/alimentatori-centrifughi\/\" class=\"_self\" target=\"_self\" >Alimentateurs centrifuges et mecaniques<\/a><\/h4><\/div><\/div>\n<div class=\"col-md-4 col-sm-6 col-xs-12 pt-cv-content-item pt-cv-1-col\" ><div class='pt-cv-ifield'><a href=\"https:\/\/ozaf.it\/fra\/riordinatori-flaconi\/\" class=\"_self pt-cv-href-thumbnail pt-cv-thumb-default\" target=\"_self\" ><img loading=\"lazy\" decoding=\"async\" width=\"300\" height=\"183\" src=\"https:\/\/ozaf.it\/wp-content\/uploads\/2019\/07\/standard_def-300x183.png\" class=\"pt-cv-thumbnail\" alt=\"\" srcset=\"https:\/\/ozaf.it\/wp-content\/uploads\/2019\/07\/standard_def-300x183.png 300w, https:\/\/ozaf.it\/wp-content\/uploads\/2019\/07\/standard_def-768x469.png 768w, https:\/\/ozaf.it\/wp-content\/uploads\/2019\/07\/standard_def.png 917w\" sizes=\"(max-width: 300px) 100vw, 300px\" \/><\/a>\n<h4 class=\"pt-cv-title\"><a href=\"https:\/\/ozaf.it\/fra\/riordinatori-flaconi\/\" class=\"_self\" target=\"_self\" >Trieuse pour flacon<\/a><\/h4><\/div><\/div>\n<div class=\"col-md-4 col-sm-6 col-xs-12 pt-cv-content-item pt-cv-1-col\" ><div class='pt-cv-ifield'><a href=\"https:\/\/ozaf.it\/fra\/rullovie\/\" class=\"_self pt-cv-href-thumbnail pt-cv-thumb-default\" target=\"_self\" ><img loading=\"lazy\" decoding=\"async\" width=\"300\" height=\"183\" src=\"https:\/\/ozaf.it\/wp-content\/uploads\/2019\/07\/elevatori_def-300x183.png\" class=\"pt-cv-thumbnail\" alt=\"\" srcset=\"https:\/\/ozaf.it\/wp-content\/uploads\/2019\/07\/elevatori_def-300x183.png 300w, https:\/\/ozaf.it\/wp-content\/uploads\/2019\/07\/elevatori_def-768x469.png 768w, https:\/\/ozaf.it\/wp-content\/uploads\/2019\/07\/elevatori_def.png 917w\" sizes=\"(max-width: 300px) 100vw, 300px\" \/><\/a>\n<h4 class=\"pt-cv-title\"><a href=\"https:\/\/ozaf.it\/fra\/rullovie\/\" class=\"_self\" target=\"_self\" >Rouleaux<\/a><\/h4><\/div><\/div>\n<div class=\"col-md-4 col-sm-6 col-xs-12 pt-cv-content-item pt-cv-1-col\" ><div class='pt-cv-ifield'><a href=\"https:\/\/ozaf.it\/fra\/robotic-solutions\/\" class=\"_self pt-cv-href-thumbnail pt-cv-thumb-default\" target=\"_self\" ><img loading=\"lazy\" decoding=\"async\" width=\"300\" height=\"183\" src=\"https:\/\/ozaf.it\/wp-content\/uploads\/2019\/07\/robot_def-300x183.png\" class=\"pt-cv-thumbnail\" alt=\"\" srcset=\"https:\/\/ozaf.it\/wp-content\/uploads\/2019\/07\/robot_def-300x183.png 300w, https:\/\/ozaf.it\/wp-content\/uploads\/2019\/07\/robot_def-768x469.png 768w, https:\/\/ozaf.it\/wp-content\/uploads\/2019\/07\/robot_def.png 917w\" sizes=\"(max-width: 300px) 100vw, 300px\" \/><\/a>\n<h4 class=\"pt-cv-title\"><a href=\"https:\/\/ozaf.it\/fra\/robotic-solutions\/\" class=\"_self\" target=\"_self\" >Robotic solutions<\/a><\/h4><\/div><\/div>\n<div class=\"col-md-4 col-sm-6 col-xs-12 pt-cv-content-item pt-cv-1-col\" ><div class='pt-cv-ifield'><a href=\"https:\/\/ozaf.it\/fra\/sistemi-custom\/\" class=\"_self pt-cv-href-thumbnail pt-cv-thumb-default\" target=\"_self\" ><img loading=\"lazy\" decoding=\"async\" width=\"300\" height=\"183\" src=\"https:\/\/ozaf.it\/wp-content\/uploads\/2019\/08\/custom_home_page-300x183.png\" class=\"pt-cv-thumbnail\" alt=\"\" srcset=\"https:\/\/ozaf.it\/wp-content\/uploads\/2019\/08\/custom_home_page-300x183.png 300w, https:\/\/ozaf.it\/wp-content\/uploads\/2019\/08\/custom_home_page-768x469.png 768w, https:\/\/ozaf.it\/wp-content\/uploads\/2019\/08\/custom_home_page.png 917w\" sizes=\"(max-width: 300px) 100vw, 300px\" \/><\/a>\n<h4 class=\"pt-cv-title\"><a href=\"https:\/\/ozaf.it\/fra\/sistemi-custom\/\" class=\"_self\" target=\"_self\" >Systemes custom<\/a><\/h4><\/div><\/div>\n<div class=\"col-md-4 col-sm-6 col-xs-12 pt-cv-content-item pt-cv-1-col\" ><div class='pt-cv-ifield'><a href=\"https:\/\/ozaf.it\/fra\/macchine-assemblaggio\/\" class=\"_self pt-cv-href-thumbnail pt-cv-thumb-default\" target=\"_self\" ><img loading=\"lazy\" decoding=\"async\" width=\"300\" height=\"183\" src=\"https:\/\/ozaf.it\/wp-content\/uploads\/2019\/08\/assemblaggio_home_page-300x183.png\" class=\"pt-cv-thumbnail\" alt=\"\" srcset=\"https:\/\/ozaf.it\/wp-content\/uploads\/2019\/08\/assemblaggio_home_page-300x183.png 300w, https:\/\/ozaf.it\/wp-content\/uploads\/2019\/08\/assemblaggio_home_page-768x469.png 768w, https:\/\/ozaf.it\/wp-content\/uploads\/2019\/08\/assemblaggio_home_page.png 917w\" sizes=\"(max-width: 300px) 100vw, 300px\" \/><\/a>\n<h4 class=\"pt-cv-title\"><a href=\"https:\/\/ozaf.it\/fra\/macchine-assemblaggio\/\" class=\"_self\" target=\"_self\" >Machines d'assemblage<\/a><\/h4><\/div><\/div><\/div><\/div><\/div><\/p>","protected":false},"excerpt":{"rendered":"<p>Nous allons r\u00e9aliser syst\u00e8me pour le r\u00e9organiser les particuliers en vrac et machines pour l\u2019assemblage des composants. Les secteurs d\u2019emploi de la soci\u00e9t\u00e9 allant dans le milieu pharmaceutique cosm\u00e9tique, food &amp; beverage, tabac, chimique et m\u00e9canique. System automatises personnalises, int\u00e9gr\u00e9es par les constructeurs et par les utilisateurs finals.<\/p>","protected":false},"author":1,"featured_media":0,"parent":0,"menu_order":0,"comment_status":"closed","ping_status":"closed","template":"template-no-sidebar.php","meta":{"footnotes":""},"yoast_head":"<!-- This site is optimized with the Yoast SEO plugin v24.5 - https:\/\/yoast.com\/wordpress\/plugins\/seo\/ -->\n<title>Produzione - O.ZA.F. srl<\/title>\n<meta name=\"robots\" content=\"noindex, nofollow\" \/>\n<meta property=\"og:locale\" content=\"fr_FR\" \/>\n<meta property=\"og:type\" content=\"article\" \/>\n<meta property=\"og:title\" content=\"Produzione - O.ZA.F. srl\" \/>\n<meta property=\"og:description\" content=\"Realizziamo sistemi per il riordino di particolari dalla rinfusa e macchine per l\u2019assemblaggio di componenti. I settori di impiego spaziano nei settori farmaceutico, cosmetico, food &amp; beverage, tabacco, chimico e meccanico. I nostri sistemi automatizzati possono essere totalmente personalizzati, integrati dai costruttori o dagli end-user.\" \/>\n<meta property=\"og:url\" content=\"https:\/\/ozaf.it\/fra\/produzione\/\" \/>\n<meta property=\"og:site_name\" content=\"O.ZA.F. srl\" \/>\n<meta property=\"article:modified_time\" content=\"2019-08-23T15:30:33+00:00\" \/>\n<meta name=\"twitter:card\" content=\"summary_large_image\" \/>\n<script type=\"application\/ld+json\" class=\"yoast-schema-graph\">{\"@context\":\"https:\/\/schema.org\",\"@graph\":[{\"@type\":\"WebPage\",\"@id\":\"https:\/\/ozaf.it\/it_it\/produzione\/\",\"url\":\"https:\/\/ozaf.it\/it_it\/produzione\/\",\"name\":\"Produzione - O.ZA.F. srl\",\"isPartOf\":{\"@id\":\"https:\/\/ozaf.it\/it_it\/#website\"},\"datePublished\":\"2019-06-03T10:47:28+00:00\",\"dateModified\":\"2019-08-23T15:30:33+00:00\",\"breadcrumb\":{\"@id\":\"https:\/\/ozaf.it\/it_it\/produzione\/#breadcrumb\"},\"inLanguage\":\"fr-FR\",\"potentialAction\":[{\"@type\":\"ReadAction\",\"target\":[\"https:\/\/ozaf.it\/it_it\/produzione\/\"]}]},{\"@type\":\"BreadcrumbList\",\"@id\":\"https:\/\/ozaf.it\/it_it\/produzione\/#breadcrumb\",\"itemListElement\":[{\"@type\":\"ListItem\",\"position\":1,\"name\":\"Home\",\"item\":\"https:\/\/ozaf.it\/it_it\/\"},{\"@type\":\"ListItem\",\"position\":2,\"name\":\"Produzione\"}]},{\"@type\":\"WebSite\",\"@id\":\"https:\/\/ozaf.it\/it_it\/#website\",\"url\":\"https:\/\/ozaf.it\/it_it\/\",\"name\":\"O.ZA.F. - Assembling & Orienting Solutions\",\"description\":\"Orienting and assembling solutions\",\"publisher\":{\"@id\":\"https:\/\/ozaf.it\/it_it\/#organization\"},\"potentialAction\":[{\"@type\":\"SearchAction\",\"target\":{\"@type\":\"EntryPoint\",\"urlTemplate\":\"https:\/\/ozaf.it\/it_it\/?s={search_term_string}\"},\"query-input\":{\"@type\":\"PropertyValueSpecification\",\"valueRequired\":true,\"valueName\":\"search_term_string\"}}],\"inLanguage\":\"fr-FR\"},{\"@type\":\"Organization\",\"@id\":\"https:\/\/ozaf.it\/it_it\/#organization\",\"name\":\"O.ZA.F.\",\"url\":\"https:\/\/ozaf.it\/it_it\/\",\"logo\":{\"@type\":\"ImageObject\",\"inLanguage\":\"fr-FR\",\"@id\":\"https:\/\/ozaf.it\/it_it\/#\/schema\/logo\/image\/\",\"url\":\"https:\/\/ozaf.it\/wp-content\/uploads\/2019\/06\/logo_OZAF_colori_sfondo-bianco-1.jpg\",\"contentUrl\":\"https:\/\/ozaf.it\/wp-content\/uploads\/2019\/06\/logo_OZAF_colori_sfondo-bianco-1.jpg\",\"width\":512,\"height\":512,\"caption\":\"O.ZA.F.\"},\"image\":{\"@id\":\"https:\/\/ozaf.it\/it_it\/#\/schema\/logo\/image\/\"},\"sameAs\":[\"https:\/\/www.linkedin.com\/company\/15837659\/\",\"https:\/\/www.youtube.com\/channel\/UCtNwZfVNQe-4o1N23pnxBeA\/featured?view_as=public\"]}]}<\/script>\n<!-- \/ Yoast SEO plugin. -->","yoast_head_json":{"title":"Produzione - O.ZA.F. srl","robots":{"index":"noindex","follow":"nofollow"},"og_locale":"fr_FR","og_type":"article","og_title":"Produzione - O.ZA.F. srl","og_description":"Realizziamo sistemi per il riordino di particolari dalla rinfusa e macchine per l\u2019assemblaggio di componenti. I settori di impiego spaziano nei settori farmaceutico, cosmetico, food &amp; beverage, tabacco, chimico e meccanico. I nostri sistemi automatizzati possono essere totalmente personalizzati, integrati dai costruttori o dagli end-user.","og_url":"https:\/\/ozaf.it\/fra\/produzione\/","og_site_name":"O.ZA.F. srl","article_modified_time":"2019-08-23T15:30:33+00:00","twitter_card":"summary_large_image","schema":{"@context":"https:\/\/schema.org","@graph":[{"@type":"WebPage","@id":"https:\/\/ozaf.it\/it_it\/produzione\/","url":"https:\/\/ozaf.it\/it_it\/produzione\/","name":"Produzione - O.ZA.F. srl","isPartOf":{"@id":"https:\/\/ozaf.it\/it_it\/#website"},"datePublished":"2019-06-03T10:47:28+00:00","dateModified":"2019-08-23T15:30:33+00:00","breadcrumb":{"@id":"https:\/\/ozaf.it\/it_it\/produzione\/#breadcrumb"},"inLanguage":"fr-FR","potentialAction":[{"@type":"ReadAction","target":["https:\/\/ozaf.it\/it_it\/produzione\/"]}]},{"@type":"BreadcrumbList","@id":"https:\/\/ozaf.it\/it_it\/produzione\/#breadcrumb","itemListElement":[{"@type":"ListItem","position":1,"name":"Home","item":"https:\/\/ozaf.it\/it_it\/"},{"@type":"ListItem","position":2,"name":"Produzione"}]},{"@type":"WebSite","@id":"https:\/\/ozaf.it\/it_it\/#website","url":"https:\/\/ozaf.it\/it_it\/","name":"O.ZA.F. - Assembling & Orienting Solutions","description":"Orienting and assembling solutions","publisher":{"@id":"https:\/\/ozaf.it\/it_it\/#organization"},"potentialAction":[{"@type":"SearchAction","target":{"@type":"EntryPoint","urlTemplate":"https:\/\/ozaf.it\/it_it\/?s={search_term_string}"},"query-input":{"@type":"PropertyValueSpecification","valueRequired":true,"valueName":"search_term_string"}}],"inLanguage":"fr-FR"},{"@type":"Organization","@id":"https:\/\/ozaf.it\/it_it\/#organization","name":"O.ZA.F.","url":"https:\/\/ozaf.it\/it_it\/","logo":{"@type":"ImageObject","inLanguage":"fr-FR","@id":"https:\/\/ozaf.it\/it_it\/#\/schema\/logo\/image\/","url":"https:\/\/ozaf.it\/wp-content\/uploads\/2019\/06\/logo_OZAF_colori_sfondo-bianco-1.jpg","contentUrl":"https:\/\/ozaf.it\/wp-content\/uploads\/2019\/06\/logo_OZAF_colori_sfondo-bianco-1.jpg","width":512,"height":512,"caption":"O.ZA.F."},"image":{"@id":"https:\/\/ozaf.it\/it_it\/#\/schema\/logo\/image\/"},"sameAs":["https:\/\/www.linkedin.com\/company\/15837659\/","https:\/\/www.youtube.com\/channel\/UCtNwZfVNQe-4o1N23pnxBeA\/featured?view_as=public"]}]}},"jetpack_sharing_enabled":true,"_links":{"self":[{"href":"https:\/\/ozaf.it\/fra\/wp-json\/wp\/v2\/pages\/194"}],"collection":[{"href":"https:\/\/ozaf.it\/fra\/wp-json\/wp\/v2\/pages"}],"about":[{"href":"https:\/\/ozaf.it\/fra\/wp-json\/wp\/v2\/types\/page"}],"author":[{"embeddable":true,"href":"https:\/\/ozaf.it\/fra\/wp-json\/wp\/v2\/users\/1"}],"replies":[{"embeddable":true,"href":"https:\/\/ozaf.it\/fra\/wp-json\/wp\/v2\/comments?post=194"}],"version-history":[{"count":14,"href":"https:\/\/ozaf.it\/fra\/wp-json\/wp\/v2\/pages\/194\/revisions"}],"predecessor-version":[{"id":775,"href":"https:\/\/ozaf.it\/fra\/wp-json\/wp\/v2\/pages\/194\/revisions\/775"}],"wp:attachment":[{"href":"https:\/\/ozaf.it\/fra\/wp-json\/wp\/v2\/media?parent=194"}],"curies":[{"name":"wp","href":"https:\/\/api.w.org\/{rel}","templated":true}]}}