{"id":198,"date":"2019-07-01T11:09:24","date_gmt":"2019-07-01T11:09:24","guid":{"rendered":"https:\/\/ozaf.it\/?page_id=198"},"modified":"2020-04-29T23:55:42","modified_gmt":"2020-04-29T22:55:42","slug":"sistemi-a-vibrazione","status":"publish","type":"page","link":"https:\/\/ozaf.it\/fra\/sistemi-a-vibrazione\/","title":{"rendered":"Systemes a vibration"},"content":{"rendered":"<p>Notre production des dispositifs \u00e0 vibration est compos\u00e9e par Bases circulaires et lin\u00e9aires, syst\u00e8me de pr\u00e9charge (tr\u00e9mies) et syst\u00e8mes d\u2019orientation (bol coniques, cylindriques et avec \u00e9cales) pour les diff\u00e9rents types de produit qui provient des plusieurs secteurs industriel (m\u00e9canique, chimique, food, cosm\u00e9tique pharmaceutique etc.). Nous avons \u00e0 disposition plusieurs solutions pour le fixage du bol avec sa base vibrante (accrochements externes avec vis, vide, motorise) pour rendre le syst\u00e8me capable de travailles dans les environnements class\u00e9s avec diff\u00e9rents niveaux de confinement (O-RABS, C-RABS, Isolateur). La fourniture pourra \u00eatre compl\u00e9t\u00e9 par plusieurs accessoires, comme : pi\u00e9destal (fix, r\u00e9glables ou t\u00e9lescopique) et dispositif pour insonoriser. Le syst\u00e8me d\u2019orientation \u00e0 vibration pourra \u00eatre fournis aussi montes sur soubassement et couples avec dispositif pour l\u2019insertion des particuliers instables dans godets, ou si le couplage est avec une encartonneuse, peuvent \u00eatre \u00e9quipes avec carrousel coniques ou cylindrique pour le d\u00e9chargement des pi\u00e8ces orient\u00e9es directement dans les tiroirs cat\u00e9naires.<\/p>\n<div class=\"epyt-video-wrapper\"><iframe loading=\"lazy\"  id=\"_ytid_11007\"  width=\"480\" height=\"270\"  data-origwidth=\"480\" data-origheight=\"270\"  data-relstop=\"1\" src=\"https:\/\/www.youtube.com\/embed\/rWAuTGxpX5Q?enablejsapi=1&autoplay=0&cc_load_policy=1&cc_lang_pref=&iv_load_policy=1&loop=0&rel=0&fs=1&playsinline=0&autohide=2&theme=dark&color=red&controls=1&disablekb=0&\" class=\"__youtube_prefs__  no-lazyload\" title=\"YouTube player\"  allow=\"fullscreen; accelerometer; autoplay; clipboard-write; encrypted-media; gyroscope; picture-in-picture; web-share\" referrerpolicy=\"strict-origin-when-cross-origin\" allowfullscreen data-no-lazy=\"1\" data-skipgform_ajax_framebjll=\"\"><\/iframe><\/div>\n<hr>\n<h2>Parcourir la playlist vid\u00e9o de nos machines<\/h2>\n<p><iframe loading=\"lazy\" src=\"https:\/\/www.youtube.com\/embed\/videoseries?list=PLmszLxS5MSVyJnfzXcyFAAUXyvNkDpAnh\" width=\"560\" height=\"315\" frameborder=\"0\" allowfullscreen=\"allowfullscreen\"><\/iframe><\/p>\n<hr>\n<h2>D\u00e9couvrez les d\u00e9tails de notre travail<\/h2>\n<!-- Final Tiles Grid Gallery for WordPress v3.6.13 free --><style>#ftg-22 .tile .icon { color:#ffffff; }#ftg-22 .ftg-items .loading-bar i { background:#666; }#ftg-22 .ftg-items .loading-bar { background:#fff; }#ftg-22 .tile .icon { font-size:12px; }#ftg-22 .tile .icon { margin: -6px 0 0 -6px; }#ftg-22 .tile .caption-block .text-wrapper span.text { font-size:12px; }#ftg-22 .tile .caption-outside .text-wrapper span.text { font-size:12px; }#ftg-22 .tile .caption-block .text-wrapper span.title { font-size:14px; }#ftg-22 .tile .caption-outside .text-wrapper span.title { font-size:14px; }#ftg-22 .tile { background-color: transparent; }#ftg-22 .tile .caption-block .text-wrapper span.text { color: #ffffff; }#ftg-22 .tile .caption-block .text-wrapper span.title { color: #ffffff; }#ftg-22 .tile .caption-outside .text-wrapper span.text { color: #ffffff; }#ftg-22 .tile .caption-outside .text-wrapper span.title { color: #ffffff; }#ftg-22 .tile .ftg-social a { color: #ffffff; }#ftg-22 .tile .caption-block { transition-duration:0.25s; }#ftg-22 .tile .tile-inner:before { background-color: #000000; }#ftg-22 .tile .tile-inner:before { background-color: rgba(0, 0, 0, 0.8); }#ftg-22 .tile:hover img {-moz-transform: ;-webkit-transform: ;-o-transform: ;-ms-transform: ;transform: ;}<\/style><a name=\"2\"><\/a><div class=\"final-tiles-gallery  ftg-hover-enabled caption-inside  caption-none caption-middle caption-center\" id=\"ftg-22\" style=\"width: 100%\"><div class='ftg-items'><div class='loading-bar'><i><\/i><\/div><div  class='tile ftg-preload'><a title=\"\" data-lightbox='ftg-22' rel='ftg-22'  class='tile-inner  ftg-lightbox' href='https:\/\/ozaf.it\/wp-content\/uploads\/2019\/08\/4.png' ><img alt='' class='item skip-lazy' data-class='item' data-ftg-source='https:\/\/ozaf.it\/wp-content\/uploads\/2019\/08\/4.png' src='https:\/\/ozaf.it\/wp-content\/uploads\/2019\/08\/4.png' width='940' height='788' \/><\/a><div class='ftg-social'><\/div><\/div><div  class='tile ftg-preload'><a title=\"\" data-lightbox='ftg-22' rel='ftg-22'  class='tile-inner  ftg-lightbox' href='https:\/\/ozaf.it\/wp-content\/uploads\/2019\/08\/1.png' ><img alt='' class='item skip-lazy' data-class='item' data-ftg-source='https:\/\/ozaf.it\/wp-content\/uploads\/2019\/08\/1.png' src='https:\/\/ozaf.it\/wp-content\/uploads\/2019\/08\/1.png' width='940' height='788' \/><\/a><div class='ftg-social'><\/div><\/div><div  class='tile ftg-preload'><a title=\"\" data-lightbox='ftg-22' rel='ftg-22'  class='tile-inner  ftg-lightbox' href='https:\/\/ozaf.it\/wp-content\/uploads\/2019\/08\/2.png' ><img alt='' class='item skip-lazy' data-class='item' data-ftg-source='https:\/\/ozaf.it\/wp-content\/uploads\/2019\/08\/2.png' src='https:\/\/ozaf.it\/wp-content\/uploads\/2019\/08\/2.png' width='940' height='788' \/><\/a><div class='ftg-social'><\/div><\/div><div  class='tile ftg-preload'><a title=\"\" data-lightbox='ftg-22' rel='ftg-22'  class='tile-inner  ftg-lightbox' href='https:\/\/ozaf.it\/wp-content\/uploads\/2019\/08\/3.png' ><img alt='' class='item skip-lazy' data-class='item' data-ftg-source='https:\/\/ozaf.it\/wp-content\/uploads\/2019\/08\/3.png' src='https:\/\/ozaf.it\/wp-content\/uploads\/2019\/08\/3.png' width='940' height='788' \/><\/a><div class='ftg-social'><\/div><\/div><div  class='tile ftg-preload'><a title=\"\" data-lightbox='ftg-22' rel='ftg-22'  class='tile-inner  ftg-lightbox' href='https:\/\/ozaf.it\/wp-content\/uploads\/2019\/08\/6-1.png' ><img alt='' class='item skip-lazy' data-class='item' data-ftg-source='https:\/\/ozaf.it\/wp-content\/uploads\/2019\/08\/6-1.png' src='https:\/\/ozaf.it\/wp-content\/uploads\/2019\/08\/6-1.png' width='940' height='788' \/><\/a><div class='ftg-social'><\/div><\/div><div  class='tile ftg-preload'><a title=\"\" data-lightbox='ftg-22' rel='ftg-22'  class='tile-inner  ftg-lightbox' href='https:\/\/ozaf.it\/wp-content\/uploads\/2019\/08\/7.png' ><img alt='' class='item skip-lazy' data-class='item' data-ftg-source='https:\/\/ozaf.it\/wp-content\/uploads\/2019\/08\/7.png' src='https:\/\/ozaf.it\/wp-content\/uploads\/2019\/08\/7.png' width='940' height='788' \/><\/a><div class='ftg-social'><\/div><\/div><div  class='tile ftg-preload'><a title=\"\" data-lightbox='ftg-22' rel='ftg-22'  class='tile-inner  ftg-lightbox' href='https:\/\/ozaf.it\/wp-content\/uploads\/2019\/08\/8.png' ><img alt='' class='item skip-lazy' data-class='item' data-ftg-source='https:\/\/ozaf.it\/wp-content\/uploads\/2019\/08\/8.png' src='https:\/\/ozaf.it\/wp-content\/uploads\/2019\/08\/8.png' width='940' height='788' \/><\/a><div class='ftg-social'><\/div><\/div><div  class='tile ftg-preload'><a title=\"\" data-lightbox='ftg-22' rel='ftg-22'  class='tile-inner  ftg-lightbox' href='https:\/\/ozaf.it\/wp-content\/uploads\/2019\/08\/5-1.png' ><img alt='' class='item skip-lazy' data-class='item' data-ftg-source='https:\/\/ozaf.it\/wp-content\/uploads\/2019\/08\/5-1.png' src='https:\/\/ozaf.it\/wp-content\/uploads\/2019\/08\/5-1.png' width='940' height='788' \/><\/a><div class='ftg-social'><\/div><\/div><\/div><\/div>","protected":false},"excerpt":{"rendered":"<p>La nostra produzione di dispositivi a vibrazione \u00e8 composta da basi circolari e lineari, sistemi di precarico (tramogge) e sistemi di orientamento (contenitori conici, cilindrici, scalini) per differenti tipologie di oggetti provenienti da tutti i settori industriali (meccanico, chimico, food, cosmetico, farmaceutico ecc.). Sono disponibili differenti soluzioni relativi ai sistemi di fissaggio (agganci esterni con viti, vuoto, motorizzato) per rendere adatti i sistemi a lavorare in ambienti classificati con diversi livelli di contenimento (O-RABS, C-RABS, Isolatori). La fornitura pu\u00f2 essere completata da accessori quali: piedistalli (fissi, regolabili, cannocchiale) e dispositivi di insonorizzazione. I sistemi di orientamento a vibrazione possono essere&#8230; <\/p>","protected":false},"author":1,"featured_media":598,"parent":0,"menu_order":0,"comment_status":"closed","ping_status":"closed","template":"template-no-sidebar.php","meta":{"footnotes":""},"yoast_head":"<!-- This site is optimized with the Yoast SEO plugin v24.5 - https:\/\/yoast.com\/wordpress\/plugins\/seo\/ -->\n<title>O.ZA.F. Orienting &amp; Assembling solutions - Sistemi a vibrazione<\/title>\n<meta name=\"description\" content=\"Soluzioni per il pre-asservimento ed orientamento particolari con sistemi vibranti.\" \/>\n<meta name=\"robots\" content=\"index, follow, max-snippet:-1, max-image-preview:large, max-video-preview:-1\" \/>\n<link rel=\"canonical\" href=\"https:\/\/ozaf.it\/fra\/sistemi-a-vibrazione\/\" \/>\n<meta property=\"og:locale\" content=\"fr_FR\" \/>\n<meta property=\"og:type\" content=\"article\" \/>\n<meta property=\"og:title\" content=\"O.ZA.F. Orienting &amp; Assembling solutions - Sistemi a vibrazione\" \/>\n<meta property=\"og:description\" content=\"Soluzioni per il pre-asservimento ed orientamento particolari con sistemi vibranti.\" \/>\n<meta property=\"og:url\" content=\"https:\/\/ozaf.it\/fra\/sistemi-a-vibrazione\/\" \/>\n<meta property=\"og:site_name\" content=\"O.ZA.F. srl\" \/>\n<meta property=\"article:modified_time\" content=\"2020-04-29T22:55:42+00:00\" \/>\n<meta property=\"og:image\" content=\"https:\/\/ozaf.it\/wp-content\/uploads\/2019\/07\/vibrazione_def.png\" \/>\n\t<meta property=\"og:image:width\" content=\"917\" \/>\n\t<meta property=\"og:image:height\" content=\"560\" \/>\n\t<meta property=\"og:image:type\" content=\"image\/png\" \/>\n<meta name=\"twitter:card\" content=\"summary_large_image\" \/>\n<script type=\"application\/ld+json\" class=\"yoast-schema-graph\">{\"@context\":\"https:\/\/schema.org\",\"@graph\":[{\"@type\":\"WebPage\",\"@id\":\"https:\/\/ozaf.it\/it_it\/sistemi-a-vibrazione\/\",\"url\":\"https:\/\/ozaf.it\/it_it\/sistemi-a-vibrazione\/\",\"name\":\"O.ZA.F. Orienting & Assembling solutions - Sistemi a vibrazione\",\"isPartOf\":{\"@id\":\"https:\/\/ozaf.it\/it_it\/#website\"},\"primaryImageOfPage\":{\"@id\":\"https:\/\/ozaf.it\/it_it\/sistemi-a-vibrazione\/#primaryimage\"},\"image\":{\"@id\":\"https:\/\/ozaf.it\/it_it\/sistemi-a-vibrazione\/#primaryimage\"},\"thumbnailUrl\":\"https:\/\/ozaf.it\/wp-content\/uploads\/2019\/07\/vibrazione_def.png\",\"datePublished\":\"2019-07-01T11:09:24+00:00\",\"dateModified\":\"2020-04-29T22:55:42+00:00\",\"description\":\"Soluzioni per il pre-asservimento ed orientamento particolari con sistemi vibranti.\",\"breadcrumb\":{\"@id\":\"https:\/\/ozaf.it\/it_it\/sistemi-a-vibrazione\/#breadcrumb\"},\"inLanguage\":\"fr-FR\",\"potentialAction\":[{\"@type\":\"ReadAction\",\"target\":[\"https:\/\/ozaf.it\/it_it\/sistemi-a-vibrazione\/\"]}]},{\"@type\":\"ImageObject\",\"inLanguage\":\"fr-FR\",\"@id\":\"https:\/\/ozaf.it\/it_it\/sistemi-a-vibrazione\/#primaryimage\",\"url\":\"https:\/\/ozaf.it\/wp-content\/uploads\/2019\/07\/vibrazione_def.png\",\"contentUrl\":\"https:\/\/ozaf.it\/wp-content\/uploads\/2019\/07\/vibrazione_def.png\",\"width\":917,\"height\":560},{\"@type\":\"BreadcrumbList\",\"@id\":\"https:\/\/ozaf.it\/it_it\/sistemi-a-vibrazione\/#breadcrumb\",\"itemListElement\":[{\"@type\":\"ListItem\",\"position\":1,\"name\":\"Home\",\"item\":\"https:\/\/ozaf.it\/it_it\/\"},{\"@type\":\"ListItem\",\"position\":2,\"name\":\"Sistemi a vibrazione\"}]},{\"@type\":\"WebSite\",\"@id\":\"https:\/\/ozaf.it\/it_it\/#website\",\"url\":\"https:\/\/ozaf.it\/it_it\/\",\"name\":\"O.ZA.F. - Assembling & Orienting Solutions\",\"description\":\"Orienting and assembling solutions\",\"publisher\":{\"@id\":\"https:\/\/ozaf.it\/it_it\/#organization\"},\"potentialAction\":[{\"@type\":\"SearchAction\",\"target\":{\"@type\":\"EntryPoint\",\"urlTemplate\":\"https:\/\/ozaf.it\/it_it\/?s={search_term_string}\"},\"query-input\":{\"@type\":\"PropertyValueSpecification\",\"valueRequired\":true,\"valueName\":\"search_term_string\"}}],\"inLanguage\":\"fr-FR\"},{\"@type\":\"Organization\",\"@id\":\"https:\/\/ozaf.it\/it_it\/#organization\",\"name\":\"O.ZA.F.\",\"url\":\"https:\/\/ozaf.it\/it_it\/\",\"logo\":{\"@type\":\"ImageObject\",\"inLanguage\":\"fr-FR\",\"@id\":\"https:\/\/ozaf.it\/it_it\/#\/schema\/logo\/image\/\",\"url\":\"https:\/\/ozaf.it\/wp-content\/uploads\/2019\/06\/logo_OZAF_colori_sfondo-bianco-1.jpg\",\"contentUrl\":\"https:\/\/ozaf.it\/wp-content\/uploads\/2019\/06\/logo_OZAF_colori_sfondo-bianco-1.jpg\",\"width\":512,\"height\":512,\"caption\":\"O.ZA.F.\"},\"image\":{\"@id\":\"https:\/\/ozaf.it\/it_it\/#\/schema\/logo\/image\/\"},\"sameAs\":[\"https:\/\/www.linkedin.com\/company\/15837659\/\",\"https:\/\/www.youtube.com\/channel\/UCtNwZfVNQe-4o1N23pnxBeA\/featured?view_as=public\"]}]}<\/script>\n<!-- \/ Yoast SEO plugin. -->","yoast_head_json":{"title":"O.ZA.F. Orienting & Assembling solutions - Sistemi a vibrazione","description":"Solutions pour le pr\u00e9-entretien et l'orientation particuli\u00e8re avec des syst\u00e8mes vibrants.","robots":{"index":"index","follow":"follow","max-snippet":"max-snippet:-1","max-image-preview":"max-image-preview:large","max-video-preview":"max-video-preview:-1"},"canonical":"https:\/\/ozaf.it\/fra\/sistemi-a-vibrazione\/","og_locale":"fr_FR","og_type":"article","og_title":"O.ZA.F. Orienting & Assembling solutions - Sistemi a vibrazione","og_description":"Soluzioni per il pre-asservimento ed orientamento particolari con sistemi vibranti.","og_url":"https:\/\/ozaf.it\/fra\/sistemi-a-vibrazione\/","og_site_name":"O.ZA.F. srl","article_modified_time":"2020-04-29T22:55:42+00:00","og_image":[{"width":917,"height":560,"url":"https:\/\/ozaf.it\/wp-content\/uploads\/2019\/07\/vibrazione_def.png","type":"image\/png"}],"twitter_card":"summary_large_image","schema":{"@context":"https:\/\/schema.org","@graph":[{"@type":"WebPage","@id":"https:\/\/ozaf.it\/it_it\/sistemi-a-vibrazione\/","url":"https:\/\/ozaf.it\/it_it\/sistemi-a-vibrazione\/","name":"O.ZA.F. Orienting & Assembling solutions - Sistemi a vibrazione","isPartOf":{"@id":"https:\/\/ozaf.it\/it_it\/#website"},"primaryImageOfPage":{"@id":"https:\/\/ozaf.it\/it_it\/sistemi-a-vibrazione\/#primaryimage"},"image":{"@id":"https:\/\/ozaf.it\/it_it\/sistemi-a-vibrazione\/#primaryimage"},"thumbnailUrl":"https:\/\/ozaf.it\/wp-content\/uploads\/2019\/07\/vibrazione_def.png","datePublished":"2019-07-01T11:09:24+00:00","dateModified":"2020-04-29T22:55:42+00:00","description":"Solutions pour le pr\u00e9-entretien et l'orientation particuli\u00e8re avec des syst\u00e8mes vibrants.","breadcrumb":{"@id":"https:\/\/ozaf.it\/it_it\/sistemi-a-vibrazione\/#breadcrumb"},"inLanguage":"fr-FR","potentialAction":[{"@type":"ReadAction","target":["https:\/\/ozaf.it\/it_it\/sistemi-a-vibrazione\/"]}]},{"@type":"ImageObject","inLanguage":"fr-FR","@id":"https:\/\/ozaf.it\/it_it\/sistemi-a-vibrazione\/#primaryimage","url":"https:\/\/ozaf.it\/wp-content\/uploads\/2019\/07\/vibrazione_def.png","contentUrl":"https:\/\/ozaf.it\/wp-content\/uploads\/2019\/07\/vibrazione_def.png","width":917,"height":560},{"@type":"BreadcrumbList","@id":"https:\/\/ozaf.it\/it_it\/sistemi-a-vibrazione\/#breadcrumb","itemListElement":[{"@type":"ListItem","position":1,"name":"Home","item":"https:\/\/ozaf.it\/it_it\/"},{"@type":"ListItem","position":2,"name":"Sistemi a vibrazione"}]},{"@type":"WebSite","@id":"https:\/\/ozaf.it\/it_it\/#website","url":"https:\/\/ozaf.it\/it_it\/","name":"O.ZA.F. - Assembling & Orienting Solutions","description":"Orienting and assembling solutions","publisher":{"@id":"https:\/\/ozaf.it\/it_it\/#organization"},"potentialAction":[{"@type":"SearchAction","target":{"@type":"EntryPoint","urlTemplate":"https:\/\/ozaf.it\/it_it\/?s={search_term_string}"},"query-input":{"@type":"PropertyValueSpecification","valueRequired":true,"valueName":"search_term_string"}}],"inLanguage":"fr-FR"},{"@type":"Organization","@id":"https:\/\/ozaf.it\/it_it\/#organization","name":"O.ZA.F.","url":"https:\/\/ozaf.it\/it_it\/","logo":{"@type":"ImageObject","inLanguage":"fr-FR","@id":"https:\/\/ozaf.it\/it_it\/#\/schema\/logo\/image\/","url":"https:\/\/ozaf.it\/wp-content\/uploads\/2019\/06\/logo_OZAF_colori_sfondo-bianco-1.jpg","contentUrl":"https:\/\/ozaf.it\/wp-content\/uploads\/2019\/06\/logo_OZAF_colori_sfondo-bianco-1.jpg","width":512,"height":512,"caption":"O.ZA.F."},"image":{"@id":"https:\/\/ozaf.it\/it_it\/#\/schema\/logo\/image\/"},"sameAs":["https:\/\/www.linkedin.com\/company\/15837659\/","https:\/\/www.youtube.com\/channel\/UCtNwZfVNQe-4o1N23pnxBeA\/featured?view_as=public"]}]}},"jetpack_sharing_enabled":true,"_links":{"self":[{"href":"https:\/\/ozaf.it\/fra\/wp-json\/wp\/v2\/pages\/198"}],"collection":[{"href":"https:\/\/ozaf.it\/fra\/wp-json\/wp\/v2\/pages"}],"about":[{"href":"https:\/\/ozaf.it\/fra\/wp-json\/wp\/v2\/types\/page"}],"author":[{"embeddable":true,"href":"https:\/\/ozaf.it\/fra\/wp-json\/wp\/v2\/users\/1"}],"replies":[{"embeddable":true,"href":"https:\/\/ozaf.it\/fra\/wp-json\/wp\/v2\/comments?post=198"}],"version-history":[{"count":44,"href":"https:\/\/ozaf.it\/fra\/wp-json\/wp\/v2\/pages\/198\/revisions"}],"predecessor-version":[{"id":911,"href":"https:\/\/ozaf.it\/fra\/wp-json\/wp\/v2\/pages\/198\/revisions\/911"}],"wp:featuredmedia":[{"embeddable":true,"href":"https:\/\/ozaf.it\/fra\/wp-json\/wp\/v2\/media\/598"}],"wp:attachment":[{"href":"https:\/\/ozaf.it\/fra\/wp-json\/wp\/v2\/media?parent=198"}],"curies":[{"name":"wp","href":"https:\/\/api.w.org\/{rel}","templated":true}]}}