{"id":202,"date":"2019-07-06T11:10:33","date_gmt":"2019-07-06T11:10:33","guid":{"rendered":"https:\/\/ozaf.it\/?page_id=202"},"modified":"2020-04-29T23:54:59","modified_gmt":"2020-04-29T22:54:59","slug":"robotic-solutions","status":"publish","type":"page","link":"https:\/\/ozaf.it\/fra\/robotic-solutions\/","title":{"rendered":"Robotic solutions"},"content":{"rendered":"<p>L\u2019emploi des Robot dans la technologie de l\u2019orientation permit de cr\u00e9er solutions flexibles surtout quand il y a un gros num\u00e9ro de change format. Cette flexibilit\u00e9 peut r\u00e9duire le num\u00e9ro des formats. Cette flexibilit\u00e9 peut porter \u00e0 l'absence de changements de format, \u00e0 des formats r\u00e9elles r\u00e9duits et avec un minimum d'espace requis, \u00e0 la r\u00e9duction du temps n\u00e9cessaire \u00e0 ces op\u00e9rations. De plus, la gamme de robots utilis\u00e9s, certifi\u00e9s pour \u00eatre install\u00e9s dans des environnements class\u00e9s avec diff\u00e9rents niveaux de confinement (O-RABS, C-RABS, Isolateurs), permit d'op\u00e9rer dans des zones o\u00f9 il n'est pas possible d'utiliser les syst\u00e8mes traditionnels de r\u00e9organisation et d'orientation.<\/p>\n<div class=\"epyt-video-wrapper\"><iframe loading=\"lazy\"  id=\"_ytid_56488\"  width=\"480\" height=\"270\"  data-origwidth=\"480\" data-origheight=\"270\"  data-relstop=\"1\" src=\"https:\/\/www.youtube.com\/embed\/7gd6fX9h-p0?enablejsapi=1&autoplay=0&cc_load_policy=1&cc_lang_pref=&iv_load_policy=1&loop=0&rel=0&fs=1&playsinline=0&autohide=2&theme=dark&color=red&controls=1&disablekb=0&\" class=\"__youtube_prefs__  no-lazyload\" title=\"YouTube player\"  allow=\"fullscreen; accelerometer; autoplay; clipboard-write; encrypted-media; gyroscope; picture-in-picture; web-share\" referrerpolicy=\"strict-origin-when-cross-origin\" allowfullscreen data-no-lazy=\"1\" data-skipgform_ajax_framebjll=\"\"><\/iframe><\/div>\n<hr>\n<h2>Parcourir la playlist vid\u00e9o de nos machines<\/h2>\n<p><iframe loading=\"lazy\" width=\"560\" height=\"315\" src=\"https:\/\/www.youtube.com\/embed\/videoseries?list=PLmszLxS5MSVy0UjR_0Sr866egCnH1THcI\" frameborder=\"0\" allow=\"accelerometer; autoplay; encrypted-media; gyroscope; picture-in-picture\" allowfullscreen=\"\"><\/iframe><\/p>","protected":false},"excerpt":{"rendered":"<p>L\u2019utilizzo dei robots nella tecnologia dell\u2019orientamento permette di creare soluzioni molto flessibili soprattutto in presenza di un numero importante di cambi formato. Tale flessibilit\u00e0 si pu\u00f2 ridurre all\u2019assenza di cambi formato, a formati fisici ridotti e con ingombri minimi, alla riduzione dei tempi per queste operazioni. Inoltre la gamma di robots utilizzati, certificati per essere installati in ambienti classificati con diversi livelli di contenimento (O-RABS, C-RABS, Isolatori), permette di operare in aree dove non sia possibile utilizzare i sistemi di riordino ed orientamento tradizionali. Sfoglia la video-playlist delle nostre macchine<\/p>","protected":false},"author":1,"featured_media":600,"parent":0,"menu_order":0,"comment_status":"closed","ping_status":"closed","template":"template-no-sidebar.php","meta":{"footnotes":""},"yoast_head":"<!-- This site is optimized with the Yoast SEO plugin v24.5 - https:\/\/yoast.com\/wordpress\/plugins\/seo\/ -->\n<title>O.ZA.F. Orienting &amp; Assembling solutions - Robotic solutions<\/title>\n<meta name=\"description\" content=\"Sistemi di orientamento particolari tramite utilizzo di robot e dispositivi pick&amp;place,\" \/>\n<meta name=\"robots\" content=\"index, follow, max-snippet:-1, max-image-preview:large, max-video-preview:-1\" \/>\n<link rel=\"canonical\" href=\"https:\/\/ozaf.it\/fra\/robotic-solutions\/\" \/>\n<meta property=\"og:locale\" content=\"fr_FR\" \/>\n<meta property=\"og:type\" content=\"article\" \/>\n<meta property=\"og:title\" content=\"O.ZA.F. Orienting &amp; Assembling solutions - Robotic solutions\" \/>\n<meta property=\"og:description\" content=\"Sistemi di orientamento particolari tramite utilizzo di robot e dispositivi pick&amp;place,\" \/>\n<meta property=\"og:url\" content=\"https:\/\/ozaf.it\/fra\/robotic-solutions\/\" \/>\n<meta property=\"og:site_name\" content=\"O.ZA.F. srl\" \/>\n<meta property=\"article:modified_time\" content=\"2020-04-29T22:54:59+00:00\" \/>\n<meta property=\"og:image\" content=\"https:\/\/ozaf.it\/wp-content\/uploads\/2019\/07\/robot_def.png\" \/>\n\t<meta property=\"og:image:width\" content=\"917\" \/>\n\t<meta property=\"og:image:height\" content=\"560\" \/>\n\t<meta property=\"og:image:type\" content=\"image\/png\" \/>\n<meta name=\"twitter:card\" content=\"summary_large_image\" \/>\n<script type=\"application\/ld+json\" class=\"yoast-schema-graph\">{\"@context\":\"https:\/\/schema.org\",\"@graph\":[{\"@type\":\"WebPage\",\"@id\":\"https:\/\/ozaf.it\/it_it\/robotic-solutions\/\",\"url\":\"https:\/\/ozaf.it\/it_it\/robotic-solutions\/\",\"name\":\"O.ZA.F. Orienting & Assembling solutions - Robotic solutions\",\"isPartOf\":{\"@id\":\"https:\/\/ozaf.it\/it_it\/#website\"},\"primaryImageOfPage\":{\"@id\":\"https:\/\/ozaf.it\/it_it\/robotic-solutions\/#primaryimage\"},\"image\":{\"@id\":\"https:\/\/ozaf.it\/it_it\/robotic-solutions\/#primaryimage\"},\"thumbnailUrl\":\"https:\/\/ozaf.it\/wp-content\/uploads\/2019\/07\/robot_def.png\",\"datePublished\":\"2019-07-06T11:10:33+00:00\",\"dateModified\":\"2020-04-29T22:54:59+00:00\",\"description\":\"Sistemi di orientamento particolari tramite utilizzo di robot e dispositivi pick&place,\",\"breadcrumb\":{\"@id\":\"https:\/\/ozaf.it\/it_it\/robotic-solutions\/#breadcrumb\"},\"inLanguage\":\"fr-FR\",\"potentialAction\":[{\"@type\":\"ReadAction\",\"target\":[\"https:\/\/ozaf.it\/it_it\/robotic-solutions\/\"]}]},{\"@type\":\"ImageObject\",\"inLanguage\":\"fr-FR\",\"@id\":\"https:\/\/ozaf.it\/it_it\/robotic-solutions\/#primaryimage\",\"url\":\"https:\/\/ozaf.it\/wp-content\/uploads\/2019\/07\/robot_def.png\",\"contentUrl\":\"https:\/\/ozaf.it\/wp-content\/uploads\/2019\/07\/robot_def.png\",\"width\":917,\"height\":560},{\"@type\":\"BreadcrumbList\",\"@id\":\"https:\/\/ozaf.it\/it_it\/robotic-solutions\/#breadcrumb\",\"itemListElement\":[{\"@type\":\"ListItem\",\"position\":1,\"name\":\"Home\",\"item\":\"https:\/\/ozaf.it\/it_it\/\"},{\"@type\":\"ListItem\",\"position\":2,\"name\":\"Robotic solutions\"}]},{\"@type\":\"WebSite\",\"@id\":\"https:\/\/ozaf.it\/it_it\/#website\",\"url\":\"https:\/\/ozaf.it\/it_it\/\",\"name\":\"O.ZA.F. - Assembling & Orienting Solutions\",\"description\":\"Orienting and assembling solutions\",\"publisher\":{\"@id\":\"https:\/\/ozaf.it\/it_it\/#organization\"},\"potentialAction\":[{\"@type\":\"SearchAction\",\"target\":{\"@type\":\"EntryPoint\",\"urlTemplate\":\"https:\/\/ozaf.it\/it_it\/?s={search_term_string}\"},\"query-input\":{\"@type\":\"PropertyValueSpecification\",\"valueRequired\":true,\"valueName\":\"search_term_string\"}}],\"inLanguage\":\"fr-FR\"},{\"@type\":\"Organization\",\"@id\":\"https:\/\/ozaf.it\/it_it\/#organization\",\"name\":\"O.ZA.F.\",\"url\":\"https:\/\/ozaf.it\/it_it\/\",\"logo\":{\"@type\":\"ImageObject\",\"inLanguage\":\"fr-FR\",\"@id\":\"https:\/\/ozaf.it\/it_it\/#\/schema\/logo\/image\/\",\"url\":\"https:\/\/ozaf.it\/wp-content\/uploads\/2019\/06\/logo_OZAF_colori_sfondo-bianco-1.jpg\",\"contentUrl\":\"https:\/\/ozaf.it\/wp-content\/uploads\/2019\/06\/logo_OZAF_colori_sfondo-bianco-1.jpg\",\"width\":512,\"height\":512,\"caption\":\"O.ZA.F.\"},\"image\":{\"@id\":\"https:\/\/ozaf.it\/it_it\/#\/schema\/logo\/image\/\"},\"sameAs\":[\"https:\/\/www.linkedin.com\/company\/15837659\/\",\"https:\/\/www.youtube.com\/channel\/UCtNwZfVNQe-4o1N23pnxBeA\/featured?view_as=public\"]}]}<\/script>\n<!-- \/ Yoast SEO plugin. -->","yoast_head_json":{"title":"O.ZA.F. Orienting & Assembling solutions - Robotic solutions","description":"Sistemi di orientamento particolari tramite utilizzo di robot e dispositivi pick&place,","robots":{"index":"index","follow":"follow","max-snippet":"max-snippet:-1","max-image-preview":"max-image-preview:large","max-video-preview":"max-video-preview:-1"},"canonical":"https:\/\/ozaf.it\/fra\/robotic-solutions\/","og_locale":"fr_FR","og_type":"article","og_title":"O.ZA.F. Orienting & Assembling solutions - Robotic solutions","og_description":"Sistemi di orientamento particolari tramite utilizzo di robot e dispositivi pick&place,","og_url":"https:\/\/ozaf.it\/fra\/robotic-solutions\/","og_site_name":"O.ZA.F. srl","article_modified_time":"2020-04-29T22:54:59+00:00","og_image":[{"width":917,"height":560,"url":"https:\/\/ozaf.it\/wp-content\/uploads\/2019\/07\/robot_def.png","type":"image\/png"}],"twitter_card":"summary_large_image","schema":{"@context":"https:\/\/schema.org","@graph":[{"@type":"WebPage","@id":"https:\/\/ozaf.it\/it_it\/robotic-solutions\/","url":"https:\/\/ozaf.it\/it_it\/robotic-solutions\/","name":"O.ZA.F. Orienting & Assembling solutions - Robotic solutions","isPartOf":{"@id":"https:\/\/ozaf.it\/it_it\/#website"},"primaryImageOfPage":{"@id":"https:\/\/ozaf.it\/it_it\/robotic-solutions\/#primaryimage"},"image":{"@id":"https:\/\/ozaf.it\/it_it\/robotic-solutions\/#primaryimage"},"thumbnailUrl":"https:\/\/ozaf.it\/wp-content\/uploads\/2019\/07\/robot_def.png","datePublished":"2019-07-06T11:10:33+00:00","dateModified":"2020-04-29T22:54:59+00:00","description":"Sistemi di orientamento particolari tramite utilizzo di robot e dispositivi pick&place,","breadcrumb":{"@id":"https:\/\/ozaf.it\/it_it\/robotic-solutions\/#breadcrumb"},"inLanguage":"fr-FR","potentialAction":[{"@type":"ReadAction","target":["https:\/\/ozaf.it\/it_it\/robotic-solutions\/"]}]},{"@type":"ImageObject","inLanguage":"fr-FR","@id":"https:\/\/ozaf.it\/it_it\/robotic-solutions\/#primaryimage","url":"https:\/\/ozaf.it\/wp-content\/uploads\/2019\/07\/robot_def.png","contentUrl":"https:\/\/ozaf.it\/wp-content\/uploads\/2019\/07\/robot_def.png","width":917,"height":560},{"@type":"BreadcrumbList","@id":"https:\/\/ozaf.it\/it_it\/robotic-solutions\/#breadcrumb","itemListElement":[{"@type":"ListItem","position":1,"name":"Home","item":"https:\/\/ozaf.it\/it_it\/"},{"@type":"ListItem","position":2,"name":"Robotic solutions"}]},{"@type":"WebSite","@id":"https:\/\/ozaf.it\/it_it\/#website","url":"https:\/\/ozaf.it\/it_it\/","name":"O.ZA.F. - Assembling & Orienting Solutions","description":"Orienting and assembling solutions","publisher":{"@id":"https:\/\/ozaf.it\/it_it\/#organization"},"potentialAction":[{"@type":"SearchAction","target":{"@type":"EntryPoint","urlTemplate":"https:\/\/ozaf.it\/it_it\/?s={search_term_string}"},"query-input":{"@type":"PropertyValueSpecification","valueRequired":true,"valueName":"search_term_string"}}],"inLanguage":"fr-FR"},{"@type":"Organization","@id":"https:\/\/ozaf.it\/it_it\/#organization","name":"O.ZA.F.","url":"https:\/\/ozaf.it\/it_it\/","logo":{"@type":"ImageObject","inLanguage":"fr-FR","@id":"https:\/\/ozaf.it\/it_it\/#\/schema\/logo\/image\/","url":"https:\/\/ozaf.it\/wp-content\/uploads\/2019\/06\/logo_OZAF_colori_sfondo-bianco-1.jpg","contentUrl":"https:\/\/ozaf.it\/wp-content\/uploads\/2019\/06\/logo_OZAF_colori_sfondo-bianco-1.jpg","width":512,"height":512,"caption":"O.ZA.F."},"image":{"@id":"https:\/\/ozaf.it\/it_it\/#\/schema\/logo\/image\/"},"sameAs":["https:\/\/www.linkedin.com\/company\/15837659\/","https:\/\/www.youtube.com\/channel\/UCtNwZfVNQe-4o1N23pnxBeA\/featured?view_as=public"]}]}},"jetpack_sharing_enabled":true,"_links":{"self":[{"href":"https:\/\/ozaf.it\/fra\/wp-json\/wp\/v2\/pages\/202"}],"collection":[{"href":"https:\/\/ozaf.it\/fra\/wp-json\/wp\/v2\/pages"}],"about":[{"href":"https:\/\/ozaf.it\/fra\/wp-json\/wp\/v2\/types\/page"}],"author":[{"embeddable":true,"href":"https:\/\/ozaf.it\/fra\/wp-json\/wp\/v2\/users\/1"}],"replies":[{"embeddable":true,"href":"https:\/\/ozaf.it\/fra\/wp-json\/wp\/v2\/comments?post=202"}],"version-history":[{"count":28,"href":"https:\/\/ozaf.it\/fra\/wp-json\/wp\/v2\/pages\/202\/revisions"}],"predecessor-version":[{"id":809,"href":"https:\/\/ozaf.it\/fra\/wp-json\/wp\/v2\/pages\/202\/revisions\/809"}],"wp:featuredmedia":[{"embeddable":true,"href":"https:\/\/ozaf.it\/fra\/wp-json\/wp\/v2\/media\/600"}],"wp:attachment":[{"href":"https:\/\/ozaf.it\/fra\/wp-json\/wp\/v2\/media?parent=202"}],"curies":[{"name":"wp","href":"https:\/\/api.w.org\/{rel}","templated":true}]}}