{"id":207,"date":"2019-06-03T11:11:24","date_gmt":"2019-06-03T11:11:24","guid":{"rendered":"https:\/\/ozaf.it\/?page_id=207"},"modified":"2019-11-10T23:48:23","modified_gmt":"2019-11-10T22:48:23","slug":"after-sales","status":"publish","type":"page","link":"https:\/\/ozaf.it\/fra\/after-sales\/","title":{"rendered":"Apr\u00e8s-Vente"},"content":{"rendered":"<p><h1>Nous assistons nos clients dans la phase apr\u00e8s-vente, \u00e0 distance et sur site<\/h1>\n<p>Notre service apr\u00e8s-vente est capable de r\u00e9pondre \u00e0 tous les besoin qui pouvant survenir lors de l'utilisation des machines, en intervenant rapidement dans le monde entier avec notre personnel sp\u00e9cialis\u00e9, avec la possibilit\u00e9 de demander des inspections sur site ou une t\u00e9l\u00e9assistance. <br><br><\/p>\n<h1 style=\"text-align: center;\">\n<div class=\"epyt-video-wrapper\"><iframe loading=\"lazy\"  id=\"_ytid_80419\"  width=\"480\" height=\"270\"  data-origwidth=\"480\" data-origheight=\"270\"  data-relstop=\"1\" src=\"https:\/\/www.youtube.com\/embed\/w643lP2-_YE?enablejsapi=1&autoplay=0&cc_load_policy=1&cc_lang_pref=&iv_load_policy=1&loop=0&rel=0&fs=1&playsinline=0&autohide=2&theme=dark&color=red&controls=1&disablekb=0&\" class=\"__youtube_prefs__  no-lazyload\" title=\"YouTube player\"  allow=\"fullscreen; accelerometer; autoplay; clipboard-write; encrypted-media; gyroscope; picture-in-picture; web-share\" referrerpolicy=\"strict-origin-when-cross-origin\" allowfullscreen data-no-lazy=\"1\" data-skipgform_ajax_framebjll=\"\"><\/iframe><\/div>\n<\/h1>\n<hr>\n<div class=\"one_third\"><div class=\"iconbox\"><div class=\"iconbox-icon\"><i class=\"fal fa-shipping-fast\"><\/i><\/div><h4>ASSISTANCE \u00c0 LA LIVRAISON<\/h4><p> Nous garantissons la livraison apr\u00e8s la totalit\u00e9 de l'exp\u00e9dition. <\/p><\/div><\/div><div class=\"one_third\"><div class=\"iconbox\"><div class=\"iconbox-icon\"><i class=\"fal fa-headset\"><\/i><\/div><h4>INSPECTIONS UNE T\u00c9L\u00c9ASSISTANCE<\/h4><p> Nous fournissons une assistance \u00e0 distance pour tout type de probl\u00e8me. <\/p><\/div><\/div><div class=\"one_fourth\"><div class=\"iconbox\"><div class=\"iconbox-icon\"><i class=\"fal fa-wrench\"><\/i><\/div><h4>INSPECTIONS SUR SITE<\/h4><p> Nous agissons sur demande sur le site du client. <\/p><\/div><\/div> <div class=\"clear\"><\/div><\/p>","protected":false},"excerpt":{"rendered":"<p>Assistiamo i nostri clienti nella fase di post-vendita, sia in remoto sia on-site Il nostro ufficio After-Sales \u00e8 in grado di rispondere ad ogni necessit\u00e0 che dovesse presentarsi durante l\u2019utilizzo delle macchine, intervenendo in tempi rapidi in tutto il mondo con nostro personale specializzato, con la possibilit\u00e0 di richiedere visite ispettive on site o in tele-assistenza.<\/p>","protected":false},"author":1,"featured_media":234,"parent":0,"menu_order":0,"comment_status":"closed","ping_status":"closed","template":"template-no-sidebar.php","meta":{"footnotes":""},"yoast_head":"<!-- This site is optimized with the Yoast SEO plugin v24.5 - https:\/\/yoast.com\/wordpress\/plugins\/seo\/ -->\n<title>After-Sales - O.ZA.F. srl<\/title>\n<meta name=\"robots\" content=\"noindex, nofollow\" \/>\n<meta property=\"og:locale\" content=\"fr_FR\" \/>\n<meta property=\"og:type\" content=\"article\" \/>\n<meta property=\"og:title\" content=\"After-Sales - O.ZA.F. srl\" \/>\n<meta property=\"og:description\" content=\"Assistiamo i nostri clienti nella fase di post-vendita, sia in remoto sia on-site Il nostro ufficio After-Sales \u00e8 in grado di rispondere ad ogni necessit\u00e0 che dovesse presentarsi durante l\u2019utilizzo delle macchine, intervenendo in tempi rapidi in tutto il mondo con nostro personale specializzato, con la possibilit\u00e0 di richiedere visite ispettive on site o in tele-assistenza.\" \/>\n<meta property=\"og:url\" content=\"https:\/\/ozaf.it\/fra\/after-sales\/\" \/>\n<meta property=\"og:site_name\" content=\"O.ZA.F. srl\" \/>\n<meta property=\"article:modified_time\" content=\"2019-11-10T22:48:23+00:00\" \/>\n<meta property=\"og:image\" content=\"https:\/\/ozaf.it\/wp-content\/uploads\/2019\/06\/assistenza-1.jpg\" \/>\n\t<meta property=\"og:image:width\" content=\"917\" \/>\n\t<meta property=\"og:image:height\" content=\"560\" \/>\n\t<meta property=\"og:image:type\" content=\"image\/jpeg\" \/>\n<meta name=\"twitter:card\" content=\"summary_large_image\" \/>\n<script type=\"application\/ld+json\" class=\"yoast-schema-graph\">{\"@context\":\"https:\/\/schema.org\",\"@graph\":[{\"@type\":\"WebPage\",\"@id\":\"https:\/\/ozaf.it\/it_it\/after-sales\/\",\"url\":\"https:\/\/ozaf.it\/it_it\/after-sales\/\",\"name\":\"After-Sales - O.ZA.F. srl\",\"isPartOf\":{\"@id\":\"https:\/\/ozaf.it\/it_it\/#website\"},\"primaryImageOfPage\":{\"@id\":\"https:\/\/ozaf.it\/it_it\/after-sales\/#primaryimage\"},\"image\":{\"@id\":\"https:\/\/ozaf.it\/it_it\/after-sales\/#primaryimage\"},\"thumbnailUrl\":\"https:\/\/ozaf.it\/wp-content\/uploads\/2019\/06\/assistenza-1.jpg\",\"datePublished\":\"2019-06-03T11:11:24+00:00\",\"dateModified\":\"2019-11-10T22:48:23+00:00\",\"breadcrumb\":{\"@id\":\"https:\/\/ozaf.it\/it_it\/after-sales\/#breadcrumb\"},\"inLanguage\":\"fr-FR\",\"potentialAction\":[{\"@type\":\"ReadAction\",\"target\":[\"https:\/\/ozaf.it\/it_it\/after-sales\/\"]}]},{\"@type\":\"ImageObject\",\"inLanguage\":\"fr-FR\",\"@id\":\"https:\/\/ozaf.it\/it_it\/after-sales\/#primaryimage\",\"url\":\"https:\/\/ozaf.it\/wp-content\/uploads\/2019\/06\/assistenza-1.jpg\",\"contentUrl\":\"https:\/\/ozaf.it\/wp-content\/uploads\/2019\/06\/assistenza-1.jpg\",\"width\":917,\"height\":560},{\"@type\":\"BreadcrumbList\",\"@id\":\"https:\/\/ozaf.it\/it_it\/after-sales\/#breadcrumb\",\"itemListElement\":[{\"@type\":\"ListItem\",\"position\":1,\"name\":\"Home\",\"item\":\"https:\/\/ozaf.it\/it_it\/\"},{\"@type\":\"ListItem\",\"position\":2,\"name\":\"After-Sales\"}]},{\"@type\":\"WebSite\",\"@id\":\"https:\/\/ozaf.it\/it_it\/#website\",\"url\":\"https:\/\/ozaf.it\/it_it\/\",\"name\":\"O.ZA.F. - Assembling & Orienting Solutions\",\"description\":\"Orienting and assembling solutions\",\"publisher\":{\"@id\":\"https:\/\/ozaf.it\/it_it\/#organization\"},\"potentialAction\":[{\"@type\":\"SearchAction\",\"target\":{\"@type\":\"EntryPoint\",\"urlTemplate\":\"https:\/\/ozaf.it\/it_it\/?s={search_term_string}\"},\"query-input\":{\"@type\":\"PropertyValueSpecification\",\"valueRequired\":true,\"valueName\":\"search_term_string\"}}],\"inLanguage\":\"fr-FR\"},{\"@type\":\"Organization\",\"@id\":\"https:\/\/ozaf.it\/it_it\/#organization\",\"name\":\"O.ZA.F.\",\"url\":\"https:\/\/ozaf.it\/it_it\/\",\"logo\":{\"@type\":\"ImageObject\",\"inLanguage\":\"fr-FR\",\"@id\":\"https:\/\/ozaf.it\/it_it\/#\/schema\/logo\/image\/\",\"url\":\"https:\/\/ozaf.it\/wp-content\/uploads\/2019\/06\/logo_OZAF_colori_sfondo-bianco-1.jpg\",\"contentUrl\":\"https:\/\/ozaf.it\/wp-content\/uploads\/2019\/06\/logo_OZAF_colori_sfondo-bianco-1.jpg\",\"width\":512,\"height\":512,\"caption\":\"O.ZA.F.\"},\"image\":{\"@id\":\"https:\/\/ozaf.it\/it_it\/#\/schema\/logo\/image\/\"},\"sameAs\":[\"https:\/\/www.linkedin.com\/company\/15837659\/\",\"https:\/\/www.youtube.com\/channel\/UCtNwZfVNQe-4o1N23pnxBeA\/featured?view_as=public\"]}]}<\/script>\n<!-- \/ Yoast SEO plugin. -->","yoast_head_json":{"title":"After-Sales - O.ZA.F. srl","robots":{"index":"noindex","follow":"nofollow"},"og_locale":"fr_FR","og_type":"article","og_title":"After-Sales - O.ZA.F. srl","og_description":"Assistiamo i nostri clienti nella fase di post-vendita, sia in remoto sia on-site Il nostro ufficio After-Sales \u00e8 in grado di rispondere ad ogni necessit\u00e0 che dovesse presentarsi durante l\u2019utilizzo delle macchine, intervenendo in tempi rapidi in tutto il mondo con nostro personale specializzato, con la possibilit\u00e0 di richiedere visite ispettive on site o in tele-assistenza.","og_url":"https:\/\/ozaf.it\/fra\/after-sales\/","og_site_name":"O.ZA.F. srl","article_modified_time":"2019-11-10T22:48:23+00:00","og_image":[{"width":917,"height":560,"url":"https:\/\/ozaf.it\/wp-content\/uploads\/2019\/06\/assistenza-1.jpg","type":"image\/jpeg"}],"twitter_card":"summary_large_image","schema":{"@context":"https:\/\/schema.org","@graph":[{"@type":"WebPage","@id":"https:\/\/ozaf.it\/it_it\/after-sales\/","url":"https:\/\/ozaf.it\/it_it\/after-sales\/","name":"After-Sales - O.ZA.F. srl","isPartOf":{"@id":"https:\/\/ozaf.it\/it_it\/#website"},"primaryImageOfPage":{"@id":"https:\/\/ozaf.it\/it_it\/after-sales\/#primaryimage"},"image":{"@id":"https:\/\/ozaf.it\/it_it\/after-sales\/#primaryimage"},"thumbnailUrl":"https:\/\/ozaf.it\/wp-content\/uploads\/2019\/06\/assistenza-1.jpg","datePublished":"2019-06-03T11:11:24+00:00","dateModified":"2019-11-10T22:48:23+00:00","breadcrumb":{"@id":"https:\/\/ozaf.it\/it_it\/after-sales\/#breadcrumb"},"inLanguage":"fr-FR","potentialAction":[{"@type":"ReadAction","target":["https:\/\/ozaf.it\/it_it\/after-sales\/"]}]},{"@type":"ImageObject","inLanguage":"fr-FR","@id":"https:\/\/ozaf.it\/it_it\/after-sales\/#primaryimage","url":"https:\/\/ozaf.it\/wp-content\/uploads\/2019\/06\/assistenza-1.jpg","contentUrl":"https:\/\/ozaf.it\/wp-content\/uploads\/2019\/06\/assistenza-1.jpg","width":917,"height":560},{"@type":"BreadcrumbList","@id":"https:\/\/ozaf.it\/it_it\/after-sales\/#breadcrumb","itemListElement":[{"@type":"ListItem","position":1,"name":"Home","item":"https:\/\/ozaf.it\/it_it\/"},{"@type":"ListItem","position":2,"name":"After-Sales"}]},{"@type":"WebSite","@id":"https:\/\/ozaf.it\/it_it\/#website","url":"https:\/\/ozaf.it\/it_it\/","name":"O.ZA.F. - Assembling & Orienting Solutions","description":"Orienting and assembling solutions","publisher":{"@id":"https:\/\/ozaf.it\/it_it\/#organization"},"potentialAction":[{"@type":"SearchAction","target":{"@type":"EntryPoint","urlTemplate":"https:\/\/ozaf.it\/it_it\/?s={search_term_string}"},"query-input":{"@type":"PropertyValueSpecification","valueRequired":true,"valueName":"search_term_string"}}],"inLanguage":"fr-FR"},{"@type":"Organization","@id":"https:\/\/ozaf.it\/it_it\/#organization","name":"O.ZA.F.","url":"https:\/\/ozaf.it\/it_it\/","logo":{"@type":"ImageObject","inLanguage":"fr-FR","@id":"https:\/\/ozaf.it\/it_it\/#\/schema\/logo\/image\/","url":"https:\/\/ozaf.it\/wp-content\/uploads\/2019\/06\/logo_OZAF_colori_sfondo-bianco-1.jpg","contentUrl":"https:\/\/ozaf.it\/wp-content\/uploads\/2019\/06\/logo_OZAF_colori_sfondo-bianco-1.jpg","width":512,"height":512,"caption":"O.ZA.F."},"image":{"@id":"https:\/\/ozaf.it\/it_it\/#\/schema\/logo\/image\/"},"sameAs":["https:\/\/www.linkedin.com\/company\/15837659\/","https:\/\/www.youtube.com\/channel\/UCtNwZfVNQe-4o1N23pnxBeA\/featured?view_as=public"]}]}},"jetpack_sharing_enabled":true,"_links":{"self":[{"href":"https:\/\/ozaf.it\/fra\/wp-json\/wp\/v2\/pages\/207"}],"collection":[{"href":"https:\/\/ozaf.it\/fra\/wp-json\/wp\/v2\/pages"}],"about":[{"href":"https:\/\/ozaf.it\/fra\/wp-json\/wp\/v2\/types\/page"}],"author":[{"embeddable":true,"href":"https:\/\/ozaf.it\/fra\/wp-json\/wp\/v2\/users\/1"}],"replies":[{"embeddable":true,"href":"https:\/\/ozaf.it\/fra\/wp-json\/wp\/v2\/comments?post=207"}],"version-history":[{"count":23,"href":"https:\/\/ozaf.it\/fra\/wp-json\/wp\/v2\/pages\/207\/revisions"}],"predecessor-version":[{"id":887,"href":"https:\/\/ozaf.it\/fra\/wp-json\/wp\/v2\/pages\/207\/revisions\/887"}],"wp:featuredmedia":[{"embeddable":true,"href":"https:\/\/ozaf.it\/fra\/wp-json\/wp\/v2\/media\/234"}],"wp:attachment":[{"href":"https:\/\/ozaf.it\/fra\/wp-json\/wp\/v2\/media?parent=207"}],"curies":[{"name":"wp","href":"https:\/\/api.w.org\/{rel}","templated":true}]}}