{"id":211,"date":"2019-06-03T11:38:05","date_gmt":"2019-06-03T11:38:05","guid":{"rendered":"https:\/\/ozaf.it\/?page_id=211"},"modified":"2019-08-23T15:37:30","modified_gmt":"2019-08-23T15:37:30","slug":"servizi","status":"publish","type":"page","link":"https:\/\/ozaf.it\/fra\/servizi\/","title":{"rendered":"SERVICE"},"content":{"rendered":"<p>Nous sommes capables de vous accompagner dans toutes les phases du processus : de la conception, visant \u00e0 comprendre comment int\u00e9grer nos syst\u00e8mes soit sur les lignes de production nouvelles soit sur celles existantes, \u00e0 la personnalisation de nos syst\u00e8mes, jusqu\u2019 \u00e0 la r\u00e9daction des documents de validation et \u00e0 l'assistance sur site et \u00e0 distance.<br \/>\n<div class=\"pt-cv-wrapper\"><div class=\"pt-cv-view pt-cv-grid pt-cv-colsys\" id=\"pt-cv-view-46f5593gcx\"><div data-id=\"pt-cv-page-1\" class=\"pt-cv-page\" data-cvc=\"3\"><div class=\"col-md-4 col-sm-6 col-xs-12 pt-cv-content-item pt-cv-1-col\" ><div class='pt-cv-ifield'><a href=\"https:\/\/ozaf.it\/fra\/progettazione\/\" class=\"_self pt-cv-href-thumbnail pt-cv-thumb-default\" target=\"_self\" ><img loading=\"lazy\" decoding=\"async\" width=\"300\" height=\"183\" src=\"https:\/\/ozaf.it\/wp-content\/uploads\/2019\/07\/progettazione-custom-2-300x183.png\" class=\"pt-cv-thumbnail\" alt=\"\" srcset=\"https:\/\/ozaf.it\/wp-content\/uploads\/2019\/07\/progettazione-custom-2-300x183.png 300w, https:\/\/ozaf.it\/wp-content\/uploads\/2019\/07\/progettazione-custom-2-768x469.png 768w, https:\/\/ozaf.it\/wp-content\/uploads\/2019\/07\/progettazione-custom-2.png 917w\" sizes=\"(max-width: 300px) 100vw, 300px\" \/><\/a>\n<h4 class=\"pt-cv-title\"><a href=\"https:\/\/ozaf.it\/fra\/progettazione\/\" class=\"_self\" target=\"_self\" >Design personalis\u00e9<\/a><\/h4><\/div><\/div>\n<div class=\"col-md-4 col-sm-6 col-xs-12 pt-cv-content-item pt-cv-1-col\" ><div class='pt-cv-ifield'><a href=\"https:\/\/ozaf.it\/fra\/documentazione\/\" class=\"_self pt-cv-href-thumbnail pt-cv-thumb-default\" target=\"_self\" ><img loading=\"lazy\" decoding=\"async\" width=\"300\" height=\"183\" src=\"https:\/\/ozaf.it\/wp-content\/uploads\/2019\/06\/test-300x183.jpg\" class=\"pt-cv-thumbnail\" alt=\"\" srcset=\"https:\/\/ozaf.it\/wp-content\/uploads\/2019\/06\/test-300x183.jpg 300w, https:\/\/ozaf.it\/wp-content\/uploads\/2019\/06\/test-768x469.jpg 768w, https:\/\/ozaf.it\/wp-content\/uploads\/2019\/06\/test.jpg 917w\" sizes=\"(max-width: 300px) 100vw, 300px\" \/><\/a>\n<h4 class=\"pt-cv-title\"><a href=\"https:\/\/ozaf.it\/fra\/documentazione\/\" class=\"_self\" target=\"_self\" >Documentation de validation<\/a><\/h4><\/div><\/div>\n<div class=\"col-md-4 col-sm-6 col-xs-12 pt-cv-content-item pt-cv-1-col\" ><div class='pt-cv-ifield'><a href=\"https:\/\/ozaf.it\/fra\/after-sales\/\" class=\"_self pt-cv-href-thumbnail pt-cv-thumb-default\" target=\"_self\" ><img loading=\"lazy\" decoding=\"async\" width=\"300\" height=\"183\" src=\"https:\/\/ozaf.it\/wp-content\/uploads\/2019\/06\/assistenza-1-300x183.jpg\" class=\"pt-cv-thumbnail\" alt=\"\" srcset=\"https:\/\/ozaf.it\/wp-content\/uploads\/2019\/06\/assistenza-1-300x183.jpg 300w, https:\/\/ozaf.it\/wp-content\/uploads\/2019\/06\/assistenza-1-768x469.jpg 768w, https:\/\/ozaf.it\/wp-content\/uploads\/2019\/06\/assistenza-1.jpg 917w\" sizes=\"(max-width: 300px) 100vw, 300px\" \/><\/a>\n<h4 class=\"pt-cv-title\"><a href=\"https:\/\/ozaf.it\/fra\/after-sales\/\" class=\"_self\" target=\"_self\" >Apr\u00e8s-Vente<\/a><\/h4><\/div><\/div><\/div><\/div><\/div><\/p>","protected":false},"excerpt":{"rendered":"<p>Nous sommes capables de vous accompagner dans toutes les phases du processus : de la conception, visant \u00e0 comprendre comment int\u00e9grer nos syst\u00e8mes soit sur les lignes de production nouvelles soit sur celles existantes, \u00e0 la personnalisation de nos syst\u00e8mes, jusqu\u2019 \u00e0 la r\u00e9daction des documents de validation et \u00e0 l'assistance sur site et \u00e0 distance.<\/p>","protected":false},"author":1,"featured_media":0,"parent":0,"menu_order":0,"comment_status":"closed","ping_status":"closed","template":"template-no-sidebar.php","meta":{"footnotes":""},"yoast_head":"<!-- This site is optimized with the Yoast SEO plugin v24.5 - https:\/\/yoast.com\/wordpress\/plugins\/seo\/ -->\n<title>SERVIZI - O.ZA.F. srl<\/title>\n<meta name=\"robots\" content=\"noindex, nofollow\" \/>\n<meta property=\"og:locale\" content=\"fr_FR\" \/>\n<meta property=\"og:type\" content=\"article\" \/>\n<meta property=\"og:title\" content=\"SERVIZI - O.ZA.F. srl\" \/>\n<meta property=\"og:description\" content=\"Siamo in grado di seguirti in ogni fase della lavorazione: dalla progettazione, indirizzata a comprendere come integrare i nostri sistemi sia sulle nuove linee di produzione che in quelle esistenti, alla customizzazione dei nostri sistemi, fino alla redazione della documentazione di validazione e all\u2019assistenza on-site e remota.\" \/>\n<meta property=\"og:url\" content=\"https:\/\/ozaf.it\/fra\/servizi\/\" \/>\n<meta property=\"og:site_name\" content=\"O.ZA.F. srl\" \/>\n<meta property=\"article:modified_time\" content=\"2019-08-23T15:37:30+00:00\" \/>\n<meta name=\"twitter:card\" content=\"summary_large_image\" \/>\n<script type=\"application\/ld+json\" class=\"yoast-schema-graph\">{\"@context\":\"https:\/\/schema.org\",\"@graph\":[{\"@type\":\"WebPage\",\"@id\":\"https:\/\/ozaf.it\/it_it\/servizi\/\",\"url\":\"https:\/\/ozaf.it\/it_it\/servizi\/\",\"name\":\"SERVIZI - O.ZA.F. srl\",\"isPartOf\":{\"@id\":\"https:\/\/ozaf.it\/it_it\/#website\"},\"datePublished\":\"2019-06-03T11:38:05+00:00\",\"dateModified\":\"2019-08-23T15:37:30+00:00\",\"breadcrumb\":{\"@id\":\"https:\/\/ozaf.it\/it_it\/servizi\/#breadcrumb\"},\"inLanguage\":\"fr-FR\",\"potentialAction\":[{\"@type\":\"ReadAction\",\"target\":[\"https:\/\/ozaf.it\/it_it\/servizi\/\"]}]},{\"@type\":\"BreadcrumbList\",\"@id\":\"https:\/\/ozaf.it\/it_it\/servizi\/#breadcrumb\",\"itemListElement\":[{\"@type\":\"ListItem\",\"position\":1,\"name\":\"Home\",\"item\":\"https:\/\/ozaf.it\/it_it\/\"},{\"@type\":\"ListItem\",\"position\":2,\"name\":\"SERVIZI\"}]},{\"@type\":\"WebSite\",\"@id\":\"https:\/\/ozaf.it\/it_it\/#website\",\"url\":\"https:\/\/ozaf.it\/it_it\/\",\"name\":\"O.ZA.F. - Assembling & Orienting Solutions\",\"description\":\"Orienting and assembling solutions\",\"publisher\":{\"@id\":\"https:\/\/ozaf.it\/it_it\/#organization\"},\"potentialAction\":[{\"@type\":\"SearchAction\",\"target\":{\"@type\":\"EntryPoint\",\"urlTemplate\":\"https:\/\/ozaf.it\/it_it\/?s={search_term_string}\"},\"query-input\":{\"@type\":\"PropertyValueSpecification\",\"valueRequired\":true,\"valueName\":\"search_term_string\"}}],\"inLanguage\":\"fr-FR\"},{\"@type\":\"Organization\",\"@id\":\"https:\/\/ozaf.it\/it_it\/#organization\",\"name\":\"O.ZA.F.\",\"url\":\"https:\/\/ozaf.it\/it_it\/\",\"logo\":{\"@type\":\"ImageObject\",\"inLanguage\":\"fr-FR\",\"@id\":\"https:\/\/ozaf.it\/it_it\/#\/schema\/logo\/image\/\",\"url\":\"https:\/\/ozaf.it\/wp-content\/uploads\/2019\/06\/logo_OZAF_colori_sfondo-bianco-1.jpg\",\"contentUrl\":\"https:\/\/ozaf.it\/wp-content\/uploads\/2019\/06\/logo_OZAF_colori_sfondo-bianco-1.jpg\",\"width\":512,\"height\":512,\"caption\":\"O.ZA.F.\"},\"image\":{\"@id\":\"https:\/\/ozaf.it\/it_it\/#\/schema\/logo\/image\/\"},\"sameAs\":[\"https:\/\/www.linkedin.com\/company\/15837659\/\",\"https:\/\/www.youtube.com\/channel\/UCtNwZfVNQe-4o1N23pnxBeA\/featured?view_as=public\"]}]}<\/script>\n<!-- \/ Yoast SEO plugin. -->","yoast_head_json":{"title":"SERVIZI - O.ZA.F. srl","robots":{"index":"noindex","follow":"nofollow"},"og_locale":"fr_FR","og_type":"article","og_title":"SERVIZI - O.ZA.F. srl","og_description":"Siamo in grado di seguirti in ogni fase della lavorazione: dalla progettazione, indirizzata a comprendere come integrare i nostri sistemi sia sulle nuove linee di produzione che in quelle esistenti, alla customizzazione dei nostri sistemi, fino alla redazione della documentazione di validazione e all\u2019assistenza on-site e remota.","og_url":"https:\/\/ozaf.it\/fra\/servizi\/","og_site_name":"O.ZA.F. srl","article_modified_time":"2019-08-23T15:37:30+00:00","twitter_card":"summary_large_image","schema":{"@context":"https:\/\/schema.org","@graph":[{"@type":"WebPage","@id":"https:\/\/ozaf.it\/it_it\/servizi\/","url":"https:\/\/ozaf.it\/it_it\/servizi\/","name":"SERVIZI - O.ZA.F. srl","isPartOf":{"@id":"https:\/\/ozaf.it\/it_it\/#website"},"datePublished":"2019-06-03T11:38:05+00:00","dateModified":"2019-08-23T15:37:30+00:00","breadcrumb":{"@id":"https:\/\/ozaf.it\/it_it\/servizi\/#breadcrumb"},"inLanguage":"fr-FR","potentialAction":[{"@type":"ReadAction","target":["https:\/\/ozaf.it\/it_it\/servizi\/"]}]},{"@type":"BreadcrumbList","@id":"https:\/\/ozaf.it\/it_it\/servizi\/#breadcrumb","itemListElement":[{"@type":"ListItem","position":1,"name":"Home","item":"https:\/\/ozaf.it\/it_it\/"},{"@type":"ListItem","position":2,"name":"SERVIZI"}]},{"@type":"WebSite","@id":"https:\/\/ozaf.it\/it_it\/#website","url":"https:\/\/ozaf.it\/it_it\/","name":"O.ZA.F. - Assembling & Orienting Solutions","description":"Orienting and assembling solutions","publisher":{"@id":"https:\/\/ozaf.it\/it_it\/#organization"},"potentialAction":[{"@type":"SearchAction","target":{"@type":"EntryPoint","urlTemplate":"https:\/\/ozaf.it\/it_it\/?s={search_term_string}"},"query-input":{"@type":"PropertyValueSpecification","valueRequired":true,"valueName":"search_term_string"}}],"inLanguage":"fr-FR"},{"@type":"Organization","@id":"https:\/\/ozaf.it\/it_it\/#organization","name":"O.ZA.F.","url":"https:\/\/ozaf.it\/it_it\/","logo":{"@type":"ImageObject","inLanguage":"fr-FR","@id":"https:\/\/ozaf.it\/it_it\/#\/schema\/logo\/image\/","url":"https:\/\/ozaf.it\/wp-content\/uploads\/2019\/06\/logo_OZAF_colori_sfondo-bianco-1.jpg","contentUrl":"https:\/\/ozaf.it\/wp-content\/uploads\/2019\/06\/logo_OZAF_colori_sfondo-bianco-1.jpg","width":512,"height":512,"caption":"O.ZA.F."},"image":{"@id":"https:\/\/ozaf.it\/it_it\/#\/schema\/logo\/image\/"},"sameAs":["https:\/\/www.linkedin.com\/company\/15837659\/","https:\/\/www.youtube.com\/channel\/UCtNwZfVNQe-4o1N23pnxBeA\/featured?view_as=public"]}]}},"jetpack_sharing_enabled":true,"_links":{"self":[{"href":"https:\/\/ozaf.it\/fra\/wp-json\/wp\/v2\/pages\/211"}],"collection":[{"href":"https:\/\/ozaf.it\/fra\/wp-json\/wp\/v2\/pages"}],"about":[{"href":"https:\/\/ozaf.it\/fra\/wp-json\/wp\/v2\/types\/page"}],"author":[{"embeddable":true,"href":"https:\/\/ozaf.it\/fra\/wp-json\/wp\/v2\/users\/1"}],"replies":[{"embeddable":true,"href":"https:\/\/ozaf.it\/fra\/wp-json\/wp\/v2\/comments?post=211"}],"version-history":[{"count":7,"href":"https:\/\/ozaf.it\/fra\/wp-json\/wp\/v2\/pages\/211\/revisions"}],"predecessor-version":[{"id":812,"href":"https:\/\/ozaf.it\/fra\/wp-json\/wp\/v2\/pages\/211\/revisions\/812"}],"wp:attachment":[{"href":"https:\/\/ozaf.it\/fra\/wp-json\/wp\/v2\/media?parent=211"}],"curies":[{"name":"wp","href":"https:\/\/api.w.org\/{rel}","templated":true}]}}