{"id":543,"date":"2019-07-01T15:00:09","date_gmt":"2019-07-01T15:00:09","guid":{"rendered":"https:\/\/ozaf.it\/?page_id=543"},"modified":"2019-08-23T15:28:44","modified_gmt":"2019-08-23T15:28:44","slug":"alimentatori-centrifughi","status":"publish","type":"page","link":"https:\/\/ozaf.it\/fra\/alimentatori-centrifughi\/","title":{"rendered":"Alimentateurs centrifuges et mecaniques"},"content":{"rendered":"<p>Normalement emploies pour orienter objet des dimensions r\u00e9duite, de diff\u00e9rente forme et taille, qui vient de tous les secteurs des produits quand sont demand\u00e9es haute vitesse de production. En addition aux standard, la gamme des alimentateurs est compl\u00e9t\u00e9 par alimentateurs en mesure d\u2019alimenter objets instables, ou avec une forme particuli\u00e8re, ces alimentateurs peuvent ins\u00e9rer les produits directement (ou indirectement par des dispositif externes couples) dans des godets. Sur demande sont \u00e9quipes de syst\u00e8me de change format sans outillages. La fourniture pourra \u00eatre compl\u00e9t\u00e9 par dispositif suppl\u00e9mentaires tels que : syst\u00e8mes de soufflage\/aspiration et dispositif d\u2019orientation (si les objets \u00e0 traiter sont asym\u00e9triques).  En combinaison avec les encartonneuses, peuvent \u00eatre \u00e9quip\u00e9es de carrousels coniques ou cylindriques pour le d\u00e9chargement des pi\u00e8ces orient\u00e9es directement dans les tiroirs cat\u00e9naires.<\/p>\n<div class=\"epyt-video-wrapper\"><iframe loading=\"lazy\"  id=\"_ytid_93776\"  width=\"480\" height=\"270\"  data-origwidth=\"480\" data-origheight=\"270\"  data-relstop=\"1\" src=\"https:\/\/www.youtube.com\/embed\/q00-BMyh9aU?enablejsapi=1&autoplay=0&cc_load_policy=1&cc_lang_pref=&iv_load_policy=1&loop=0&rel=0&fs=1&playsinline=0&autohide=2&theme=dark&color=red&controls=1&disablekb=0&\" class=\"__youtube_prefs__  no-lazyload\" title=\"YouTube player\"  allow=\"fullscreen; accelerometer; autoplay; clipboard-write; encrypted-media; gyroscope; picture-in-picture; web-share\" referrerpolicy=\"strict-origin-when-cross-origin\" allowfullscreen data-no-lazy=\"1\" data-skipgform_ajax_framebjll=\"\"><\/iframe><\/div>\n<hr>\n<h2>Parcourir la playlist vid\u00e9o de nos machines<\/h2>\n<p><iframe loading=\"lazy\" src=\"https:\/\/www.youtube.com\/embed\/videoseries?list=PLmszLxS5MSVyc8QgYa-oOI_fB3ZRuYjEY\" width=\"560\" height=\"315\" frameborder=\"0\" allowfullscreen=\"allowfullscreen\"><\/iframe><\/p>\n<h2>D\u00e9couvrez les d\u00e9tails de notre travail<\/h2>\n<!-- Final Tiles Grid Gallery for WordPress v3.6.13 free --><style>#ftg-55 .tile .icon { color:#ffffff; }#ftg-55 .ftg-items .loading-bar i { background:#666; }#ftg-55 .ftg-items .loading-bar { background:#fff; }#ftg-55 .tile .icon { font-size:12px; }#ftg-55 .tile .icon { margin: -6px 0 0 -6px; }#ftg-55 .tile .caption-block .text-wrapper span.text { font-size:12px; }#ftg-55 .tile .caption-outside .text-wrapper span.text { font-size:12px; }#ftg-55 .tile .caption-block .text-wrapper span.title { font-size:14px; }#ftg-55 .tile .caption-outside .text-wrapper span.title { font-size:14px; }#ftg-55 .tile { background-color: transparent; }#ftg-55 .tile .caption-block .text-wrapper span.text { color: #ffffff; }#ftg-55 .tile .caption-block .text-wrapper span.title { color: #ffffff; }#ftg-55 .tile .caption-outside .text-wrapper span.text { color: #ffffff; }#ftg-55 .tile .caption-outside .text-wrapper span.title { color: #ffffff; }#ftg-55 .tile .ftg-social a { color: #ffffff; }#ftg-55 .tile .caption-block { transition-duration:0.25s; }#ftg-55 .tile .tile-inner:before { background-color: #000000; }#ftg-55 .tile .tile-inner:before { background-color: rgba(0, 0, 0, 0.8); }#ftg-55 .tile:hover img {-moz-transform: ;-webkit-transform: ;-o-transform: ;-ms-transform: ;transform: ;}<\/style><a name=\"5\"><\/a><div class=\"final-tiles-gallery  ftg-hover-enabled caption-inside  caption-none caption-middle caption-center\" id=\"ftg-55\" style=\"width: 100%\"><div class='ftg-items'><div class='loading-bar'><i><\/i><\/div><div  class='tile ftg-preload'><a title=\"\" data-lightbox='ftg-55' rel='ftg-55'  class='tile-inner  ftg-lightbox' href='https:\/\/ozaf.it\/wp-content\/uploads\/2019\/08\/ozaf-macchina-1001-1024x684.jpg' ><img alt='' class='item skip-lazy' data-class='item' data-ftg-source='https:\/\/ozaf.it\/wp-content\/uploads\/2019\/08\/ozaf-macchina-1001-1024x684.jpg' src='https:\/\/ozaf.it\/wp-content\/uploads\/2019\/08\/ozaf-macchina-1001-1024x684.jpg' width='1024' height='684' \/><\/a><div class='ftg-social'><\/div><\/div><div  class='tile ftg-preload'><a title=\"\" data-lightbox='ftg-55' rel='ftg-55'  class='tile-inner  ftg-lightbox' href='https:\/\/ozaf.it\/wp-content\/uploads\/2019\/08\/ozaf-macchina-1002-1024x684.jpg' ><img alt='' class='item skip-lazy' data-class='item' data-ftg-source='https:\/\/ozaf.it\/wp-content\/uploads\/2019\/08\/ozaf-macchina-1002-1024x684.jpg' src='https:\/\/ozaf.it\/wp-content\/uploads\/2019\/08\/ozaf-macchina-1002-1024x684.jpg' width='1024' height='684' \/><\/a><div class='ftg-social'><\/div><\/div><div  class='tile ftg-preload'><a title=\"\" data-lightbox='ftg-55' rel='ftg-55'  class='tile-inner  ftg-lightbox' href='https:\/\/ozaf.it\/wp-content\/uploads\/2019\/08\/ozaf-macchina-1003-1024x684.jpg' ><img alt='' class='item skip-lazy' data-class='item' data-ftg-source='https:\/\/ozaf.it\/wp-content\/uploads\/2019\/08\/ozaf-macchina-1003-1024x684.jpg' src='https:\/\/ozaf.it\/wp-content\/uploads\/2019\/08\/ozaf-macchina-1003-1024x684.jpg' width='1024' height='684' \/><\/a><div class='ftg-social'><\/div><\/div><div  class='tile ftg-preload'><a title=\"\" data-lightbox='ftg-55' rel='ftg-55'  class='tile-inner  ftg-lightbox' href='https:\/\/ozaf.it\/wp-content\/uploads\/2019\/08\/ozaf-macchina-1004-1024x684.jpg' ><img alt='' class='item skip-lazy' data-class='item' data-ftg-source='https:\/\/ozaf.it\/wp-content\/uploads\/2019\/08\/ozaf-macchina-1004-1024x684.jpg' src='https:\/\/ozaf.it\/wp-content\/uploads\/2019\/08\/ozaf-macchina-1004-1024x684.jpg' width='1024' height='684' \/><\/a><div class='ftg-social'><\/div><\/div><div  class='tile ftg-preload'><a title=\"\" data-lightbox='ftg-55' rel='ftg-55'  class='tile-inner  ftg-lightbox' href='https:\/\/ozaf.it\/wp-content\/uploads\/2019\/08\/ozaf-macchina-1005-1024x684.jpg' ><img alt='' class='item skip-lazy' data-class='item' data-ftg-source='https:\/\/ozaf.it\/wp-content\/uploads\/2019\/08\/ozaf-macchina-1005-1024x684.jpg' src='https:\/\/ozaf.it\/wp-content\/uploads\/2019\/08\/ozaf-macchina-1005-1024x684.jpg' width='1024' height='684' \/><\/a><div class='ftg-social'><\/div><\/div><\/div><\/div>","protected":false},"excerpt":{"rendered":"<p>Solitamente utilizzati per orientare oggetti di dimensioni contenute, di diverse forme e dimensioni, provenienti da tutti i settori merceologici quando siano richieste alte velocit\u00e0 di produzione. Oltre alle soluzioni standard la gamma \u00e8 completata da alimentatori in grado di orientare oggetti instabili, o aventi forme particolari, inserendoli direttamente (o indirettamente tramite dispositivi esterni abbinati) all\u2019interno di pucks\/godets. Su richiesta sono dotati di sistema di cambio formato senza utilizzo di utensili. La fornitura pu\u00f2 essere completata da dispositivi aggiuntivi quali: sistemi di soffiaggio\/aspirazione e dispositivi di orientamento (nel caso in cui gli oggetti siano asimmetrici). In abbinamento alle astucciatrici possono essere&#8230; <\/p>","protected":false},"author":1,"featured_media":636,"parent":0,"menu_order":0,"comment_status":"closed","ping_status":"closed","template":"template-no-sidebar.php","meta":{"footnotes":""},"yoast_head":"<!-- This site is optimized with the Yoast SEO plugin v24.5 - https:\/\/yoast.com\/wordpress\/plugins\/seo\/ -->\n<title>O.ZA.F. Orienting &amp; Assembling solutions - Alimentatori centrifughi<\/title>\n<meta name=\"description\" content=\"Soluzioni per orientamento particolari ad alta velocit\u00e0. %\" \/>\n<meta name=\"robots\" content=\"index, follow, max-snippet:-1, max-image-preview:large, max-video-preview:-1\" \/>\n<link rel=\"canonical\" href=\"https:\/\/ozaf.it\/fra\/alimentatori-centrifughi\/\" \/>\n<meta property=\"og:locale\" content=\"fr_FR\" \/>\n<meta property=\"og:type\" content=\"article\" \/>\n<meta property=\"og:title\" content=\"O.ZA.F. Orienting &amp; Assembling solutions - Alimentatori centrifughi\" \/>\n<meta property=\"og:description\" content=\"Soluzioni per orientamento particolari ad alta velocit\u00e0. %\" \/>\n<meta property=\"og:url\" content=\"https:\/\/ozaf.it\/fra\/alimentatori-centrifughi\/\" \/>\n<meta property=\"og:site_name\" content=\"O.ZA.F. srl\" \/>\n<meta property=\"article:modified_time\" content=\"2019-08-23T15:28:44+00:00\" \/>\n<meta property=\"og:image\" content=\"https:\/\/ozaf.it\/wp-content\/uploads\/2019\/07\/alimentatori_def.png\" \/>\n\t<meta property=\"og:image:width\" content=\"917\" \/>\n\t<meta property=\"og:image:height\" content=\"560\" \/>\n\t<meta property=\"og:image:type\" content=\"image\/png\" \/>\n<meta name=\"twitter:card\" content=\"summary_large_image\" \/>\n<script type=\"application\/ld+json\" class=\"yoast-schema-graph\">{\"@context\":\"https:\/\/schema.org\",\"@graph\":[{\"@type\":\"WebPage\",\"@id\":\"https:\/\/ozaf.it\/it_it\/alimentatori-centrifughi\/\",\"url\":\"https:\/\/ozaf.it\/it_it\/alimentatori-centrifughi\/\",\"name\":\"O.ZA.F. Orienting & Assembling solutions - Alimentatori centrifughi\",\"isPartOf\":{\"@id\":\"https:\/\/ozaf.it\/it_it\/#website\"},\"primaryImageOfPage\":{\"@id\":\"https:\/\/ozaf.it\/it_it\/alimentatori-centrifughi\/#primaryimage\"},\"image\":{\"@id\":\"https:\/\/ozaf.it\/it_it\/alimentatori-centrifughi\/#primaryimage\"},\"thumbnailUrl\":\"https:\/\/ozaf.it\/wp-content\/uploads\/2019\/07\/alimentatori_def.png\",\"datePublished\":\"2019-07-01T15:00:09+00:00\",\"dateModified\":\"2019-08-23T15:28:44+00:00\",\"description\":\"Soluzioni per orientamento particolari ad alta velocit\u00e0. %\",\"breadcrumb\":{\"@id\":\"https:\/\/ozaf.it\/it_it\/alimentatori-centrifughi\/#breadcrumb\"},\"inLanguage\":\"fr-FR\",\"potentialAction\":[{\"@type\":\"ReadAction\",\"target\":[\"https:\/\/ozaf.it\/it_it\/alimentatori-centrifughi\/\"]}]},{\"@type\":\"ImageObject\",\"inLanguage\":\"fr-FR\",\"@id\":\"https:\/\/ozaf.it\/it_it\/alimentatori-centrifughi\/#primaryimage\",\"url\":\"https:\/\/ozaf.it\/wp-content\/uploads\/2019\/07\/alimentatori_def.png\",\"contentUrl\":\"https:\/\/ozaf.it\/wp-content\/uploads\/2019\/07\/alimentatori_def.png\",\"width\":917,\"height\":560},{\"@type\":\"BreadcrumbList\",\"@id\":\"https:\/\/ozaf.it\/it_it\/alimentatori-centrifughi\/#breadcrumb\",\"itemListElement\":[{\"@type\":\"ListItem\",\"position\":1,\"name\":\"Home\",\"item\":\"https:\/\/ozaf.it\/it_it\/\"},{\"@type\":\"ListItem\",\"position\":2,\"name\":\"Alimentatori centrifughi e meccanici\"}]},{\"@type\":\"WebSite\",\"@id\":\"https:\/\/ozaf.it\/it_it\/#website\",\"url\":\"https:\/\/ozaf.it\/it_it\/\",\"name\":\"O.ZA.F. - Assembling & Orienting Solutions\",\"description\":\"Orienting and assembling solutions\",\"publisher\":{\"@id\":\"https:\/\/ozaf.it\/it_it\/#organization\"},\"potentialAction\":[{\"@type\":\"SearchAction\",\"target\":{\"@type\":\"EntryPoint\",\"urlTemplate\":\"https:\/\/ozaf.it\/it_it\/?s={search_term_string}\"},\"query-input\":{\"@type\":\"PropertyValueSpecification\",\"valueRequired\":true,\"valueName\":\"search_term_string\"}}],\"inLanguage\":\"fr-FR\"},{\"@type\":\"Organization\",\"@id\":\"https:\/\/ozaf.it\/it_it\/#organization\",\"name\":\"O.ZA.F.\",\"url\":\"https:\/\/ozaf.it\/it_it\/\",\"logo\":{\"@type\":\"ImageObject\",\"inLanguage\":\"fr-FR\",\"@id\":\"https:\/\/ozaf.it\/it_it\/#\/schema\/logo\/image\/\",\"url\":\"https:\/\/ozaf.it\/wp-content\/uploads\/2019\/06\/logo_OZAF_colori_sfondo-bianco-1.jpg\",\"contentUrl\":\"https:\/\/ozaf.it\/wp-content\/uploads\/2019\/06\/logo_OZAF_colori_sfondo-bianco-1.jpg\",\"width\":512,\"height\":512,\"caption\":\"O.ZA.F.\"},\"image\":{\"@id\":\"https:\/\/ozaf.it\/it_it\/#\/schema\/logo\/image\/\"},\"sameAs\":[\"https:\/\/www.linkedin.com\/company\/15837659\/\",\"https:\/\/www.youtube.com\/channel\/UCtNwZfVNQe-4o1N23pnxBeA\/featured?view_as=public\"]}]}<\/script>\n<!-- \/ Yoast SEO plugin. -->","yoast_head_json":{"title":"O.ZA.F. Orienting & Assembling solutions - Alimentatori centrifughi","description":"Soluzioni per orientamento particolari ad alta velocit\u00e0. %","robots":{"index":"index","follow":"follow","max-snippet":"max-snippet:-1","max-image-preview":"max-image-preview:large","max-video-preview":"max-video-preview:-1"},"canonical":"https:\/\/ozaf.it\/fra\/alimentatori-centrifughi\/","og_locale":"fr_FR","og_type":"article","og_title":"O.ZA.F. Orienting & Assembling solutions - Alimentatori centrifughi","og_description":"Soluzioni per orientamento particolari ad alta velocit\u00e0. %","og_url":"https:\/\/ozaf.it\/fra\/alimentatori-centrifughi\/","og_site_name":"O.ZA.F. srl","article_modified_time":"2019-08-23T15:28:44+00:00","og_image":[{"width":917,"height":560,"url":"https:\/\/ozaf.it\/wp-content\/uploads\/2019\/07\/alimentatori_def.png","type":"image\/png"}],"twitter_card":"summary_large_image","schema":{"@context":"https:\/\/schema.org","@graph":[{"@type":"WebPage","@id":"https:\/\/ozaf.it\/it_it\/alimentatori-centrifughi\/","url":"https:\/\/ozaf.it\/it_it\/alimentatori-centrifughi\/","name":"O.ZA.F. Orienting & Assembling solutions - Alimentatori centrifughi","isPartOf":{"@id":"https:\/\/ozaf.it\/it_it\/#website"},"primaryImageOfPage":{"@id":"https:\/\/ozaf.it\/it_it\/alimentatori-centrifughi\/#primaryimage"},"image":{"@id":"https:\/\/ozaf.it\/it_it\/alimentatori-centrifughi\/#primaryimage"},"thumbnailUrl":"https:\/\/ozaf.it\/wp-content\/uploads\/2019\/07\/alimentatori_def.png","datePublished":"2019-07-01T15:00:09+00:00","dateModified":"2019-08-23T15:28:44+00:00","description":"Soluzioni per orientamento particolari ad alta velocit\u00e0. %","breadcrumb":{"@id":"https:\/\/ozaf.it\/it_it\/alimentatori-centrifughi\/#breadcrumb"},"inLanguage":"fr-FR","potentialAction":[{"@type":"ReadAction","target":["https:\/\/ozaf.it\/it_it\/alimentatori-centrifughi\/"]}]},{"@type":"ImageObject","inLanguage":"fr-FR","@id":"https:\/\/ozaf.it\/it_it\/alimentatori-centrifughi\/#primaryimage","url":"https:\/\/ozaf.it\/wp-content\/uploads\/2019\/07\/alimentatori_def.png","contentUrl":"https:\/\/ozaf.it\/wp-content\/uploads\/2019\/07\/alimentatori_def.png","width":917,"height":560},{"@type":"BreadcrumbList","@id":"https:\/\/ozaf.it\/it_it\/alimentatori-centrifughi\/#breadcrumb","itemListElement":[{"@type":"ListItem","position":1,"name":"Home","item":"https:\/\/ozaf.it\/it_it\/"},{"@type":"ListItem","position":2,"name":"Alimentatori centrifughi e meccanici"}]},{"@type":"WebSite","@id":"https:\/\/ozaf.it\/it_it\/#website","url":"https:\/\/ozaf.it\/it_it\/","name":"O.ZA.F. - Assembling & Orienting Solutions","description":"Orienting and assembling solutions","publisher":{"@id":"https:\/\/ozaf.it\/it_it\/#organization"},"potentialAction":[{"@type":"SearchAction","target":{"@type":"EntryPoint","urlTemplate":"https:\/\/ozaf.it\/it_it\/?s={search_term_string}"},"query-input":{"@type":"PropertyValueSpecification","valueRequired":true,"valueName":"search_term_string"}}],"inLanguage":"fr-FR"},{"@type":"Organization","@id":"https:\/\/ozaf.it\/it_it\/#organization","name":"O.ZA.F.","url":"https:\/\/ozaf.it\/it_it\/","logo":{"@type":"ImageObject","inLanguage":"fr-FR","@id":"https:\/\/ozaf.it\/it_it\/#\/schema\/logo\/image\/","url":"https:\/\/ozaf.it\/wp-content\/uploads\/2019\/06\/logo_OZAF_colori_sfondo-bianco-1.jpg","contentUrl":"https:\/\/ozaf.it\/wp-content\/uploads\/2019\/06\/logo_OZAF_colori_sfondo-bianco-1.jpg","width":512,"height":512,"caption":"O.ZA.F."},"image":{"@id":"https:\/\/ozaf.it\/it_it\/#\/schema\/logo\/image\/"},"sameAs":["https:\/\/www.linkedin.com\/company\/15837659\/","https:\/\/www.youtube.com\/channel\/UCtNwZfVNQe-4o1N23pnxBeA\/featured?view_as=public"]}]}},"jetpack_sharing_enabled":true,"_links":{"self":[{"href":"https:\/\/ozaf.it\/fra\/wp-json\/wp\/v2\/pages\/543"}],"collection":[{"href":"https:\/\/ozaf.it\/fra\/wp-json\/wp\/v2\/pages"}],"about":[{"href":"https:\/\/ozaf.it\/fra\/wp-json\/wp\/v2\/types\/page"}],"author":[{"embeddable":true,"href":"https:\/\/ozaf.it\/fra\/wp-json\/wp\/v2\/users\/1"}],"replies":[{"embeddable":true,"href":"https:\/\/ozaf.it\/fra\/wp-json\/wp\/v2\/comments?post=543"}],"version-history":[{"count":15,"href":"https:\/\/ozaf.it\/fra\/wp-json\/wp\/v2\/pages\/543\/revisions"}],"predecessor-version":[{"id":803,"href":"https:\/\/ozaf.it\/fra\/wp-json\/wp\/v2\/pages\/543\/revisions\/803"}],"wp:featuredmedia":[{"embeddable":true,"href":"https:\/\/ozaf.it\/fra\/wp-json\/wp\/v2\/media\/636"}],"wp:attachment":[{"href":"https:\/\/ozaf.it\/fra\/wp-json\/wp\/v2\/media?parent=543"}],"curies":[{"name":"wp","href":"https:\/\/api.w.org\/{rel}","templated":true}]}}