{"id":545,"date":"2019-07-04T10:03:32","date_gmt":"2019-07-04T10:03:32","guid":{"rendered":"https:\/\/ozaf.it\/?page_id=545"},"modified":"2020-04-29T23:55:20","modified_gmt":"2020-04-29T22:55:20","slug":"rullovie","status":"publish","type":"page","link":"https:\/\/ozaf.it\/fra\/rullovie\/","title":{"rendered":"Rouleaux"},"content":{"rendered":"<p>Syst\u00e8me d'orientation des pi\u00e8ces \u00e0 brides (seringues, compte-gouttes, tubes comprim\u00e9s, etc.). Syst\u00e8me de changement de format sans l'utilisation d'outillages par le r\u00e9glage automatique ou manuel des rouleaux. La fourniture peut \u00eatre compl\u00e9t\u00e9e par des dispositifs suppl\u00e9mentaires tels que : syst\u00e8mes de soufflage\/aspiration, dispositifs d'insertion directe (ou indirecte au moyen de dispositifs externes combin\u00e9s) \u00e0 l'int\u00e9rieur des godets en cas d'objets instables, autres syst\u00e8mes sur demande sp\u00e9cifique du client. En combinaison avec les encartonneuses, peuvent \u00eatre \u00e9quip\u00e9es de carrousels coniques ou cylindriques pour le d\u00e9chargement des pi\u00e8ces orient\u00e9es directement dans les tiroirs cat\u00e9naires.<\/p>\n<div class=\"epyt-video-wrapper\"><iframe loading=\"lazy\"  id=\"_ytid_97658\"  width=\"480\" height=\"270\"  data-origwidth=\"480\" data-origheight=\"270\"  data-relstop=\"1\" src=\"https:\/\/www.youtube.com\/embed\/V_OzKhrGxUU?enablejsapi=1&autoplay=0&cc_load_policy=1&cc_lang_pref=&iv_load_policy=1&loop=0&rel=0&fs=1&playsinline=0&autohide=2&theme=dark&color=red&controls=1&disablekb=0&\" class=\"__youtube_prefs__  no-lazyload\" title=\"YouTube player\"  allow=\"fullscreen; accelerometer; autoplay; clipboard-write; encrypted-media; gyroscope; picture-in-picture; web-share\" referrerpolicy=\"strict-origin-when-cross-origin\" allowfullscreen data-no-lazy=\"1\" data-skipgform_ajax_framebjll=\"\"><\/iframe><\/div>\n<hr>\n<h2>Parcourir la playlist vid\u00e9o de nos machines<\/h2>\n<p><iframe loading=\"lazy\" src=\"https:\/\/www.youtube.com\/embed\/videoseries?list=PLmszLxS5MSVz2JQNSQU7f4UqtAzPxDYWQ\" width=\"560\" height=\"315\" frameborder=\"0\" allowfullscreen=\"allowfullscreen\"><\/iframe><\/p>","protected":false},"excerpt":{"rendered":"<p>Sistema di orientamento di particolari con flange (siringhe, contagocce, tubi compresse, ecc). Sistema di cambio formato senza utilizzo di utensili tramite regolazione automatica o manuale dei rulli. La fornitura pu\u00f2 essere completata da dispositivi aggiuntivi quali: sistemi di soffiaggio\/aspirazione, dispositivi di inserimento diretto (o indiretto tramite dispositivi esterni abbinati) all\u2019interno di pucks\/godets in caso di oggetti instabili, altri sistemi su specifica richiesta del cliente. In abbinamento alle astucciatrici possono essere dotate di giostre coniche o cilindriche per scarico diretto dei particolari orientati direttamente nei cassetti della catenaria. Sfoglia la video-playlist delle nostre macchine<\/p>","protected":false},"author":1,"featured_media":601,"parent":0,"menu_order":0,"comment_status":"closed","ping_status":"closed","template":"template-no-sidebar.php","meta":{"footnotes":""},"yoast_head":"<!-- This site is optimized with the Yoast SEO plugin v24.5 - https:\/\/yoast.com\/wordpress\/plugins\/seo\/ -->\n<title>O.ZA.F. Orienting &amp; Assembling solutions - Rullovie<\/title>\n<meta name=\"description\" content=\"Sistemi per orientamento particolari con flange (tubetti compresse, siringhe, contagocce, ecc.).\" \/>\n<meta name=\"robots\" content=\"index, follow, max-snippet:-1, max-image-preview:large, max-video-preview:-1\" \/>\n<link rel=\"canonical\" href=\"https:\/\/ozaf.it\/fra\/rullovie\/\" \/>\n<meta property=\"og:locale\" content=\"fr_FR\" \/>\n<meta property=\"og:type\" content=\"article\" \/>\n<meta property=\"og:title\" content=\"O.ZA.F. Orienting &amp; Assembling solutions - Rullovie\" \/>\n<meta property=\"og:description\" content=\"Sistemi per orientamento particolari con flange (tubetti compresse, siringhe, contagocce, ecc.).\" \/>\n<meta property=\"og:url\" content=\"https:\/\/ozaf.it\/fra\/rullovie\/\" \/>\n<meta property=\"og:site_name\" content=\"O.ZA.F. srl\" \/>\n<meta property=\"article:modified_time\" content=\"2020-04-29T22:55:20+00:00\" \/>\n<meta property=\"og:image\" content=\"https:\/\/ozaf.it\/wp-content\/uploads\/2019\/07\/elevatori_def.png\" \/>\n\t<meta property=\"og:image:width\" content=\"917\" \/>\n\t<meta property=\"og:image:height\" content=\"560\" \/>\n\t<meta property=\"og:image:type\" content=\"image\/png\" \/>\n<meta name=\"twitter:card\" content=\"summary_large_image\" \/>\n<script type=\"application\/ld+json\" class=\"yoast-schema-graph\">{\"@context\":\"https:\/\/schema.org\",\"@graph\":[{\"@type\":\"WebPage\",\"@id\":\"https:\/\/ozaf.it\/eng\/rullovie\/\",\"url\":\"https:\/\/ozaf.it\/eng\/rullovie\/\",\"name\":\"O.ZA.F. Orienting & Assembling solutions - Rullovie\",\"isPartOf\":{\"@id\":\"https:\/\/ozaf.it\/it_it\/#website\"},\"primaryImageOfPage\":{\"@id\":\"https:\/\/ozaf.it\/eng\/rullovie\/#primaryimage\"},\"image\":{\"@id\":\"https:\/\/ozaf.it\/eng\/rullovie\/#primaryimage\"},\"thumbnailUrl\":\"https:\/\/ozaf.it\/wp-content\/uploads\/2019\/07\/elevatori_def.png\",\"datePublished\":\"2019-07-04T10:03:32+00:00\",\"dateModified\":\"2020-04-29T22:55:20+00:00\",\"description\":\"Sistemi per orientamento particolari con flange (tubetti compresse, siringhe, contagocce, ecc.).\",\"breadcrumb\":{\"@id\":\"https:\/\/ozaf.it\/eng\/rullovie\/#breadcrumb\"},\"inLanguage\":\"fr-FR\",\"potentialAction\":[{\"@type\":\"ReadAction\",\"target\":[\"https:\/\/ozaf.it\/eng\/rullovie\/\"]}]},{\"@type\":\"ImageObject\",\"inLanguage\":\"fr-FR\",\"@id\":\"https:\/\/ozaf.it\/eng\/rullovie\/#primaryimage\",\"url\":\"https:\/\/ozaf.it\/wp-content\/uploads\/2019\/07\/elevatori_def.png\",\"contentUrl\":\"https:\/\/ozaf.it\/wp-content\/uploads\/2019\/07\/elevatori_def.png\",\"width\":917,\"height\":560},{\"@type\":\"BreadcrumbList\",\"@id\":\"https:\/\/ozaf.it\/eng\/rullovie\/#breadcrumb\",\"itemListElement\":[{\"@type\":\"ListItem\",\"position\":1,\"name\":\"Home\",\"item\":\"https:\/\/ozaf.it\/it_it\/\"},{\"@type\":\"ListItem\",\"position\":2,\"name\":\"Rullovie\"}]},{\"@type\":\"WebSite\",\"@id\":\"https:\/\/ozaf.it\/it_it\/#website\",\"url\":\"https:\/\/ozaf.it\/it_it\/\",\"name\":\"O.ZA.F. - Assembling & Orienting Solutions\",\"description\":\"Orienting and assembling solutions\",\"publisher\":{\"@id\":\"https:\/\/ozaf.it\/it_it\/#organization\"},\"potentialAction\":[{\"@type\":\"SearchAction\",\"target\":{\"@type\":\"EntryPoint\",\"urlTemplate\":\"https:\/\/ozaf.it\/it_it\/?s={search_term_string}\"},\"query-input\":{\"@type\":\"PropertyValueSpecification\",\"valueRequired\":true,\"valueName\":\"search_term_string\"}}],\"inLanguage\":\"fr-FR\"},{\"@type\":\"Organization\",\"@id\":\"https:\/\/ozaf.it\/it_it\/#organization\",\"name\":\"O.ZA.F.\",\"url\":\"https:\/\/ozaf.it\/it_it\/\",\"logo\":{\"@type\":\"ImageObject\",\"inLanguage\":\"fr-FR\",\"@id\":\"https:\/\/ozaf.it\/it_it\/#\/schema\/logo\/image\/\",\"url\":\"https:\/\/ozaf.it\/wp-content\/uploads\/2019\/06\/logo_OZAF_colori_sfondo-bianco-1.jpg\",\"contentUrl\":\"https:\/\/ozaf.it\/wp-content\/uploads\/2019\/06\/logo_OZAF_colori_sfondo-bianco-1.jpg\",\"width\":512,\"height\":512,\"caption\":\"O.ZA.F.\"},\"image\":{\"@id\":\"https:\/\/ozaf.it\/it_it\/#\/schema\/logo\/image\/\"},\"sameAs\":[\"https:\/\/www.linkedin.com\/company\/15837659\/\",\"https:\/\/www.youtube.com\/channel\/UCtNwZfVNQe-4o1N23pnxBeA\/featured?view_as=public\"]}]}<\/script>\n<!-- \/ Yoast SEO plugin. -->","yoast_head_json":{"title":"O.ZA.F. Orienting & Assembling solutions - Rullovie","description":"Syst\u00e8mes d'orientation particuliers \u00e0 brides (tubes comprim\u00e9s, seringues, compte-gouttes, etc.).","robots":{"index":"index","follow":"follow","max-snippet":"max-snippet:-1","max-image-preview":"max-image-preview:large","max-video-preview":"max-video-preview:-1"},"canonical":"https:\/\/ozaf.it\/fra\/rullovie\/","og_locale":"fr_FR","og_type":"article","og_title":"O.ZA.F. Orienting & Assembling solutions - Rullovie","og_description":"Sistemi per orientamento particolari con flange (tubetti compresse, siringhe, contagocce, ecc.).","og_url":"https:\/\/ozaf.it\/fra\/rullovie\/","og_site_name":"O.ZA.F. srl","article_modified_time":"2020-04-29T22:55:20+00:00","og_image":[{"width":917,"height":560,"url":"https:\/\/ozaf.it\/wp-content\/uploads\/2019\/07\/elevatori_def.png","type":"image\/png"}],"twitter_card":"summary_large_image","schema":{"@context":"https:\/\/schema.org","@graph":[{"@type":"WebPage","@id":"https:\/\/ozaf.it\/eng\/rullovie\/","url":"https:\/\/ozaf.it\/eng\/rullovie\/","name":"O.ZA.F. Orienting & Assembling solutions - Rullovie","isPartOf":{"@id":"https:\/\/ozaf.it\/it_it\/#website"},"primaryImageOfPage":{"@id":"https:\/\/ozaf.it\/eng\/rullovie\/#primaryimage"},"image":{"@id":"https:\/\/ozaf.it\/eng\/rullovie\/#primaryimage"},"thumbnailUrl":"https:\/\/ozaf.it\/wp-content\/uploads\/2019\/07\/elevatori_def.png","datePublished":"2019-07-04T10:03:32+00:00","dateModified":"2020-04-29T22:55:20+00:00","description":"Syst\u00e8mes d'orientation particuliers \u00e0 brides (tubes comprim\u00e9s, seringues, compte-gouttes, etc.).","breadcrumb":{"@id":"https:\/\/ozaf.it\/eng\/rullovie\/#breadcrumb"},"inLanguage":"fr-FR","potentialAction":[{"@type":"ReadAction","target":["https:\/\/ozaf.it\/eng\/rullovie\/"]}]},{"@type":"ImageObject","inLanguage":"fr-FR","@id":"https:\/\/ozaf.it\/eng\/rullovie\/#primaryimage","url":"https:\/\/ozaf.it\/wp-content\/uploads\/2019\/07\/elevatori_def.png","contentUrl":"https:\/\/ozaf.it\/wp-content\/uploads\/2019\/07\/elevatori_def.png","width":917,"height":560},{"@type":"BreadcrumbList","@id":"https:\/\/ozaf.it\/eng\/rullovie\/#breadcrumb","itemListElement":[{"@type":"ListItem","position":1,"name":"Home","item":"https:\/\/ozaf.it\/it_it\/"},{"@type":"ListItem","position":2,"name":"Rullovie"}]},{"@type":"WebSite","@id":"https:\/\/ozaf.it\/it_it\/#website","url":"https:\/\/ozaf.it\/it_it\/","name":"O.ZA.F. - Assembling & Orienting Solutions","description":"Orienting and assembling solutions","publisher":{"@id":"https:\/\/ozaf.it\/it_it\/#organization"},"potentialAction":[{"@type":"SearchAction","target":{"@type":"EntryPoint","urlTemplate":"https:\/\/ozaf.it\/it_it\/?s={search_term_string}"},"query-input":{"@type":"PropertyValueSpecification","valueRequired":true,"valueName":"search_term_string"}}],"inLanguage":"fr-FR"},{"@type":"Organization","@id":"https:\/\/ozaf.it\/it_it\/#organization","name":"O.ZA.F.","url":"https:\/\/ozaf.it\/it_it\/","logo":{"@type":"ImageObject","inLanguage":"fr-FR","@id":"https:\/\/ozaf.it\/it_it\/#\/schema\/logo\/image\/","url":"https:\/\/ozaf.it\/wp-content\/uploads\/2019\/06\/logo_OZAF_colori_sfondo-bianco-1.jpg","contentUrl":"https:\/\/ozaf.it\/wp-content\/uploads\/2019\/06\/logo_OZAF_colori_sfondo-bianco-1.jpg","width":512,"height":512,"caption":"O.ZA.F."},"image":{"@id":"https:\/\/ozaf.it\/it_it\/#\/schema\/logo\/image\/"},"sameAs":["https:\/\/www.linkedin.com\/company\/15837659\/","https:\/\/www.youtube.com\/channel\/UCtNwZfVNQe-4o1N23pnxBeA\/featured?view_as=public"]}]}},"jetpack_sharing_enabled":true,"_links":{"self":[{"href":"https:\/\/ozaf.it\/fra\/wp-json\/wp\/v2\/pages\/545"}],"collection":[{"href":"https:\/\/ozaf.it\/fra\/wp-json\/wp\/v2\/pages"}],"about":[{"href":"https:\/\/ozaf.it\/fra\/wp-json\/wp\/v2\/types\/page"}],"author":[{"embeddable":true,"href":"https:\/\/ozaf.it\/fra\/wp-json\/wp\/v2\/users\/1"}],"replies":[{"embeddable":true,"href":"https:\/\/ozaf.it\/fra\/wp-json\/wp\/v2\/comments?post=545"}],"version-history":[{"count":15,"href":"https:\/\/ozaf.it\/fra\/wp-json\/wp\/v2\/pages\/545\/revisions"}],"predecessor-version":[{"id":910,"href":"https:\/\/ozaf.it\/fra\/wp-json\/wp\/v2\/pages\/545\/revisions\/910"}],"wp:featuredmedia":[{"embeddable":true,"href":"https:\/\/ozaf.it\/fra\/wp-json\/wp\/v2\/media\/601"}],"wp:attachment":[{"href":"https:\/\/ozaf.it\/fra\/wp-json\/wp\/v2\/media?parent=545"}],"curies":[{"name":"wp","href":"https:\/\/api.w.org\/{rel}","templated":true}]}}