{"id":768,"date":"2019-08-20T07:40:11","date_gmt":"2019-08-20T07:40:11","guid":{"rendered":"https:\/\/ozaf.it\/?page_id=768"},"modified":"2024-04-10T14:55:18","modified_gmt":"2024-04-10T13:55:18","slug":"macchine-assemblaggio","status":"publish","type":"page","link":"https:\/\/ozaf.it\/fra\/macchine-assemblaggio\/","title":{"rendered":"Machines d'assemblage"},"content":{"rendered":"<p>O.ZA.F. est en mesure de fournir des machines automatiques, \u00e0 mouvement alternatif ou continu, lin\u00e9aire ou rotatif, pour l'orientation et l'assemblage de composants. Ils peuvent \u00eatre combin\u00e9s avec des dispositifs suppl\u00e9mentaires tels que des dispositifs d'insertion \u00e0 l'int\u00e9rieur des godets en cas d'objets instables ou, en cas de combinaison avec des encartonneuses coupl\u00e9 avec des carrousels coniques ou cylindriques pour le d\u00e9chargement des pi\u00e8ces orient\u00e9es directement dans les tiroirs de la cat\u00e9naire.<\/p>\n<div class=\"epyt-video-wrapper\"><iframe loading=\"lazy\"  id=\"_ytid_89432\"  width=\"480\" height=\"270\"  data-origwidth=\"480\" data-origheight=\"270\"  data-relstop=\"1\" src=\"https:\/\/www.youtube.com\/embed\/PIR98oKzO6Y?enablejsapi=1&#038;autoplay=0&#038;cc_load_policy=1&#038;cc_lang_pref=&#038;iv_load_policy=1&#038;loop=0&#038;rel=0&#038;fs=1&#038;playsinline=0&#038;autohide=2&#038;theme=dark&#038;color=red&#038;controls=1&#038;disablekb=0&#038;\" class=\"__youtube_prefs__  epyt-is-override  no-lazyload\" title=\"YouTube player\"  allow=\"fullscreen; accelerometer; autoplay; clipboard-write; encrypted-media; gyroscope; picture-in-picture; web-share\" referrerpolicy=\"strict-origin-when-cross-origin\" allowfullscreen data-no-lazy=\"1\" data-skipgform_ajax_framebjll=\"\"><\/iframe><\/div>\n<hr \/>\n<h2>Parcourir la playlist vid\u00e9o de nos machines<\/h2>\n<p><iframe loading=\"lazy\" src=\"https:\/\/www.youtube.com\/embed\/videoseries?list=PLmszLxS5MSVw0_AXHzBem0yqi1UFL-qAR\" width=\"560\" height=\"315\" frameborder=\"0\" allowfullscreen=\"allowfullscreen\"><\/iframe><\/p>","protected":false},"excerpt":{"rendered":"<p>O.ZA.F. \u00e8 in grado di fornire macchine automatiche, a movimento alternato o continuo, lineari o rotative, per l\u2019orientamento e l\u2019assemblaggio di componenti. Esse possono essere abbinate a dispositivi aggiuntivi quali dispositivi di inserimento all\u2019interno di pucks\/godets in caso di oggetti instabili o, in caso di abbinamento alle astucciatrici, abbinate a giostre coniche o cilindriche per scarico diretto dei particolari orientati direttamente nei cassetti della catenaria. Sfoglia la video-playlist delle nostre macchine<\/p>","protected":false},"author":1,"featured_media":817,"parent":0,"menu_order":0,"comment_status":"closed","ping_status":"closed","template":"template-no-sidebar.php","meta":{"footnotes":""},"yoast_head":"<!-- This site is optimized with the Yoast SEO plugin v24.5 - https:\/\/yoast.com\/wordpress\/plugins\/seo\/ -->\n<title>O.ZA.F. Orienting &amp; Assembling solutions - Macchine assemblaggio<\/title>\n<meta name=\"description\" content=\"Macchine automatiche per l\u2019assemblaggio di componenti alternate e continue.\" \/>\n<meta name=\"robots\" content=\"index, follow, max-snippet:-1, max-image-preview:large, max-video-preview:-1\" \/>\n<link rel=\"canonical\" href=\"https:\/\/ozaf.it\/fra\/macchine-assemblaggio\/\" \/>\n<meta property=\"og:locale\" content=\"fr_FR\" \/>\n<meta property=\"og:type\" content=\"article\" \/>\n<meta property=\"og:title\" content=\"O.ZA.F. Orienting &amp; Assembling solutions - Macchine assemblaggio\" \/>\n<meta property=\"og:description\" content=\"Macchine automatiche per l\u2019assemblaggio di componenti alternate e continue.\" \/>\n<meta property=\"og:url\" content=\"https:\/\/ozaf.it\/fra\/macchine-assemblaggio\/\" \/>\n<meta property=\"og:site_name\" content=\"O.ZA.F. srl\" \/>\n<meta property=\"article:modified_time\" content=\"2024-04-10T13:55:18+00:00\" \/>\n<meta property=\"og:image\" content=\"https:\/\/ozaf.it\/wp-content\/uploads\/2019\/08\/assemblaggio_home_page.png\" \/>\n\t<meta property=\"og:image:width\" content=\"917\" \/>\n\t<meta property=\"og:image:height\" content=\"560\" \/>\n\t<meta property=\"og:image:type\" content=\"image\/png\" \/>\n<meta name=\"twitter:card\" content=\"summary_large_image\" \/>\n<meta name=\"twitter:label1\" content=\"Dur\u00e9e de lecture estim\u00e9e\" \/>\n\t<meta name=\"twitter:data1\" content=\"1 minute\" \/>\n<script type=\"application\/ld+json\" class=\"yoast-schema-graph\">{\"@context\":\"https:\/\/schema.org\",\"@graph\":[{\"@type\":\"WebPage\",\"@id\":\"https:\/\/ozaf.it\/macchine-assemblaggio\/\",\"url\":\"https:\/\/ozaf.it\/macchine-assemblaggio\/\",\"name\":\"O.ZA.F. Orienting & Assembling solutions - Macchine assemblaggio\",\"isPartOf\":{\"@id\":\"https:\/\/ozaf.it\/it_it\/#website\"},\"primaryImageOfPage\":{\"@id\":\"https:\/\/ozaf.it\/macchine-assemblaggio\/#primaryimage\"},\"image\":{\"@id\":\"https:\/\/ozaf.it\/macchine-assemblaggio\/#primaryimage\"},\"thumbnailUrl\":\"https:\/\/ozaf.it\/wp-content\/uploads\/2019\/08\/assemblaggio_home_page.png\",\"datePublished\":\"2019-08-20T07:40:11+00:00\",\"dateModified\":\"2024-04-10T13:55:18+00:00\",\"description\":\"Macchine automatiche per l\u2019assemblaggio di componenti alternate e continue.\",\"breadcrumb\":{\"@id\":\"https:\/\/ozaf.it\/macchine-assemblaggio\/#breadcrumb\"},\"inLanguage\":\"fr-FR\",\"potentialAction\":[{\"@type\":\"ReadAction\",\"target\":[\"https:\/\/ozaf.it\/macchine-assemblaggio\/\"]}]},{\"@type\":\"ImageObject\",\"inLanguage\":\"fr-FR\",\"@id\":\"https:\/\/ozaf.it\/macchine-assemblaggio\/#primaryimage\",\"url\":\"https:\/\/ozaf.it\/wp-content\/uploads\/2019\/08\/assemblaggio_home_page.png\",\"contentUrl\":\"https:\/\/ozaf.it\/wp-content\/uploads\/2019\/08\/assemblaggio_home_page.png\",\"width\":917,\"height\":560},{\"@type\":\"BreadcrumbList\",\"@id\":\"https:\/\/ozaf.it\/macchine-assemblaggio\/#breadcrumb\",\"itemListElement\":[{\"@type\":\"ListItem\",\"position\":1,\"name\":\"Home\",\"item\":\"https:\/\/ozaf.it\/it_it\/\"},{\"@type\":\"ListItem\",\"position\":2,\"name\":\"Macchine assemblaggio\"}]},{\"@type\":\"WebSite\",\"@id\":\"https:\/\/ozaf.it\/it_it\/#website\",\"url\":\"https:\/\/ozaf.it\/it_it\/\",\"name\":\"O.ZA.F. - Assembling & Orienting Solutions\",\"description\":\"Orienting and assembling solutions\",\"publisher\":{\"@id\":\"https:\/\/ozaf.it\/it_it\/#organization\"},\"potentialAction\":[{\"@type\":\"SearchAction\",\"target\":{\"@type\":\"EntryPoint\",\"urlTemplate\":\"https:\/\/ozaf.it\/it_it\/?s={search_term_string}\"},\"query-input\":{\"@type\":\"PropertyValueSpecification\",\"valueRequired\":true,\"valueName\":\"search_term_string\"}}],\"inLanguage\":\"fr-FR\"},{\"@type\":\"Organization\",\"@id\":\"https:\/\/ozaf.it\/it_it\/#organization\",\"name\":\"O.ZA.F.\",\"url\":\"https:\/\/ozaf.it\/it_it\/\",\"logo\":{\"@type\":\"ImageObject\",\"inLanguage\":\"fr-FR\",\"@id\":\"https:\/\/ozaf.it\/it_it\/#\/schema\/logo\/image\/\",\"url\":\"https:\/\/ozaf.it\/wp-content\/uploads\/2019\/06\/logo_OZAF_colori_sfondo-bianco-1.jpg\",\"contentUrl\":\"https:\/\/ozaf.it\/wp-content\/uploads\/2019\/06\/logo_OZAF_colori_sfondo-bianco-1.jpg\",\"width\":512,\"height\":512,\"caption\":\"O.ZA.F.\"},\"image\":{\"@id\":\"https:\/\/ozaf.it\/it_it\/#\/schema\/logo\/image\/\"},\"sameAs\":[\"https:\/\/www.linkedin.com\/company\/15837659\/\",\"https:\/\/www.youtube.com\/channel\/UCtNwZfVNQe-4o1N23pnxBeA\/featured?view_as=public\"]}]}<\/script>\n<!-- \/ Yoast SEO plugin. -->","yoast_head_json":{"title":"O.ZA.F. Orienting & Assembling solutions - Macchine assemblaggio","description":"Machines automatiques pour l'assemblage de composants alternatifs et continus.","robots":{"index":"index","follow":"follow","max-snippet":"max-snippet:-1","max-image-preview":"max-image-preview:large","max-video-preview":"max-video-preview:-1"},"canonical":"https:\/\/ozaf.it\/fra\/macchine-assemblaggio\/","og_locale":"fr_FR","og_type":"article","og_title":"O.ZA.F. Orienting & Assembling solutions - Macchine assemblaggio","og_description":"Macchine automatiche per l\u2019assemblaggio di componenti alternate e continue.","og_url":"https:\/\/ozaf.it\/fra\/macchine-assemblaggio\/","og_site_name":"O.ZA.F. srl","article_modified_time":"2024-04-10T13:55:18+00:00","og_image":[{"width":917,"height":560,"url":"https:\/\/ozaf.it\/wp-content\/uploads\/2019\/08\/assemblaggio_home_page.png","type":"image\/png"}],"twitter_card":"summary_large_image","twitter_misc":{"Dur\u00e9e de lecture estim\u00e9e":"1 minute"},"schema":{"@context":"https:\/\/schema.org","@graph":[{"@type":"WebPage","@id":"https:\/\/ozaf.it\/macchine-assemblaggio\/","url":"https:\/\/ozaf.it\/macchine-assemblaggio\/","name":"O.ZA.F. Orienting & Assembling solutions - Macchine assemblaggio","isPartOf":{"@id":"https:\/\/ozaf.it\/it_it\/#website"},"primaryImageOfPage":{"@id":"https:\/\/ozaf.it\/macchine-assemblaggio\/#primaryimage"},"image":{"@id":"https:\/\/ozaf.it\/macchine-assemblaggio\/#primaryimage"},"thumbnailUrl":"https:\/\/ozaf.it\/wp-content\/uploads\/2019\/08\/assemblaggio_home_page.png","datePublished":"2019-08-20T07:40:11+00:00","dateModified":"2024-04-10T13:55:18+00:00","description":"Machines automatiques pour l'assemblage de composants alternatifs et continus.","breadcrumb":{"@id":"https:\/\/ozaf.it\/macchine-assemblaggio\/#breadcrumb"},"inLanguage":"fr-FR","potentialAction":[{"@type":"ReadAction","target":["https:\/\/ozaf.it\/macchine-assemblaggio\/"]}]},{"@type":"ImageObject","inLanguage":"fr-FR","@id":"https:\/\/ozaf.it\/macchine-assemblaggio\/#primaryimage","url":"https:\/\/ozaf.it\/wp-content\/uploads\/2019\/08\/assemblaggio_home_page.png","contentUrl":"https:\/\/ozaf.it\/wp-content\/uploads\/2019\/08\/assemblaggio_home_page.png","width":917,"height":560},{"@type":"BreadcrumbList","@id":"https:\/\/ozaf.it\/macchine-assemblaggio\/#breadcrumb","itemListElement":[{"@type":"ListItem","position":1,"name":"Home","item":"https:\/\/ozaf.it\/it_it\/"},{"@type":"ListItem","position":2,"name":"Macchine assemblaggio"}]},{"@type":"WebSite","@id":"https:\/\/ozaf.it\/it_it\/#website","url":"https:\/\/ozaf.it\/it_it\/","name":"O.ZA.F. - Assembling & Orienting Solutions","description":"Orienting and assembling solutions","publisher":{"@id":"https:\/\/ozaf.it\/it_it\/#organization"},"potentialAction":[{"@type":"SearchAction","target":{"@type":"EntryPoint","urlTemplate":"https:\/\/ozaf.it\/it_it\/?s={search_term_string}"},"query-input":{"@type":"PropertyValueSpecification","valueRequired":true,"valueName":"search_term_string"}}],"inLanguage":"fr-FR"},{"@type":"Organization","@id":"https:\/\/ozaf.it\/it_it\/#organization","name":"O.ZA.F.","url":"https:\/\/ozaf.it\/it_it\/","logo":{"@type":"ImageObject","inLanguage":"fr-FR","@id":"https:\/\/ozaf.it\/it_it\/#\/schema\/logo\/image\/","url":"https:\/\/ozaf.it\/wp-content\/uploads\/2019\/06\/logo_OZAF_colori_sfondo-bianco-1.jpg","contentUrl":"https:\/\/ozaf.it\/wp-content\/uploads\/2019\/06\/logo_OZAF_colori_sfondo-bianco-1.jpg","width":512,"height":512,"caption":"O.ZA.F."},"image":{"@id":"https:\/\/ozaf.it\/it_it\/#\/schema\/logo\/image\/"},"sameAs":["https:\/\/www.linkedin.com\/company\/15837659\/","https:\/\/www.youtube.com\/channel\/UCtNwZfVNQe-4o1N23pnxBeA\/featured?view_as=public"]}]}},"jetpack_sharing_enabled":true,"_links":{"self":[{"href":"https:\/\/ozaf.it\/fra\/wp-json\/wp\/v2\/pages\/768"}],"collection":[{"href":"https:\/\/ozaf.it\/fra\/wp-json\/wp\/v2\/pages"}],"about":[{"href":"https:\/\/ozaf.it\/fra\/wp-json\/wp\/v2\/types\/page"}],"author":[{"embeddable":true,"href":"https:\/\/ozaf.it\/fra\/wp-json\/wp\/v2\/users\/1"}],"replies":[{"embeddable":true,"href":"https:\/\/ozaf.it\/fra\/wp-json\/wp\/v2\/comments?post=768"}],"version-history":[{"count":7,"href":"https:\/\/ozaf.it\/fra\/wp-json\/wp\/v2\/pages\/768\/revisions"}],"predecessor-version":[{"id":937,"href":"https:\/\/ozaf.it\/fra\/wp-json\/wp\/v2\/pages\/768\/revisions\/937"}],"wp:featuredmedia":[{"embeddable":true,"href":"https:\/\/ozaf.it\/fra\/wp-json\/wp\/v2\/media\/817"}],"wp:attachment":[{"href":"https:\/\/ozaf.it\/fra\/wp-json\/wp\/v2\/media?parent=768"}],"curies":[{"name":"wp","href":"https:\/\/api.w.org\/{rel}","templated":true}]}}